{"id":7161,"date":"2022-08-31T20:40:18","date_gmt":"2022-08-31T20:40:18","guid":{"rendered":"https:\/\/fondremy.com\/newswire\/"},"modified":"2022-09-14T18:04:50","modified_gmt":"2022-09-14T18:04:50","slug":"newswire","status":"publish","type":"page","link":"https:\/\/fondremy.com\/en\/newswire\/","title":{"rendered":"Newswire"},"content":{"rendered":"\n\n\n[et_pb_section fb_built=&#8221;1&#8243; custom_padding_last_edited=&#8221;on|phone&#8221; _builder_version=&#8221;4.18.0&#8243; _module_preset=&#8221;default&#8221; background_image=&#8221;https:\/\/fondremy.com\/wp-content\/uploads\/2022\/08\/Fondremy-Image-Team.jpg&#8221; custom_padding=&#8221;24vh||14vh||false|false&#8221; custom_padding_tablet=&#8221;14vh||8vh||false|false&#8221; custom_padding_phone=&#8221;||3vh||false|false&#8221; locked=&#8221;off&#8221; global_colors_info=&#8221;{}&#8221; theme_builder_area=&#8221;post_content&#8221;][et_pb_row _builder_version=&#8221;4.17.6&#8243; _module_preset=&#8221;default&#8221; global_colors_info=&#8221;{}&#8221; theme_builder_area=&#8221;post_content&#8221;][et_pb_column type=&#8221;4_4&#8243; _builder_version=&#8221;4.17.6&#8243; _module_preset=&#8221;default&#8221; global_colors_info=&#8221;{}&#8221; theme_builder_area=&#8221;post_content&#8221;][et_pb_text _builder_version=&#8221;4.18.0&#8243; _module_preset=&#8221;default&#8221; header_font=&#8221;Lato|900||on|||||&#8221; header_text_align=&#8221;center&#8221; header_text_color=&#8221;#FFFFFF&#8221; header_font_size=&#8221;70px&#8221; header_3_font_size=&#8221;28px&#8221; animation_style=&#8221;fade&#8221; hover_enabled=&#8221;0&#8243; header_font_size_tablet=&#8221;60px&#8221; header_font_size_phone=&#8221;39px&#8221; header_font_size_last_edited=&#8221;on|phone&#8221; header_3_font_size_tablet=&#8221;24px&#8221; header_3_font_size_phone=&#8221;21px&#8221; header_3_font_size_last_edited=&#8221;on|phone&#8221; global_colors_info=&#8221;{}&#8221; theme_builder_area=&#8221;post_content&#8221; _dynamic_attributes=&#8221;content&#8221; sticky_enabled=&#8221;0&#8243;]@ET-DC@eyJkeW5hbWljIjp0cnVlLCJjb250ZW50IjoicG9zdF90aXRsZSIsInNldHRpbmdzIjp7ImJlZm9yZSI6IjxoMT4iLCJhZnRlciI6IjwvaDE+In19@[\/et_pb_text][\/et_pb_column][\/et_pb_row][\/et_pb_section][et_pb_section fb_built=&#8221;1&#8243; _builder_version=&#8221;4.18.0&#8243; _module_preset=&#8221;default&#8221; locked=&#8221;off&#8221; global_colors_info=&#8221;{}&#8221; theme_builder_area=&#8221;post_content&#8221;][et_pb_row _builder_version=&#8221;4.18.0&#8243; _module_preset=&#8221;default&#8221; width=&#8221;90%&#8221; max_width=&#8221;1350px&#8221; global_colors_info=&#8221;{}&#8221; theme_builder_area=&#8221;post_content&#8221;][et_pb_column type=&#8221;4_4&#8243; _builder_version=&#8221;4.18.0&#8243; _module_preset=&#8221;default&#8221; global_colors_info=&#8221;{}&#8221; theme_builder_area=&#8221;post_content&#8221;][et_pb_text _builder_version=&#8221;4.18.0&#8243; _module_preset=&#8221;default&#8221; header_3_font=&#8221;Lato|700||on|||||&#8221; header_3_text_align=&#8221;center&#8221; header_3_text_color=&#8221;#000000&#8243; header_3_font_size=&#8221;28px&#8221; header_3_line_height=&#8221;1.2em&#8221; max_width=&#8221;1100px&#8221; module_alignment=&#8221;center&#8221; custom_margin=&#8221;||15px||false|false&#8221; custom_padding=&#8221;||||false|true&#8221; custom_padding_tablet=&#8221;||||false|true&#8221; custom_padding_phone=&#8221;||||false|true&#8221; custom_padding_last_edited=&#8221;on|phone&#8221; animation_style=&#8221;fade&#8221; hover_enabled=&#8221;0&#8243; header_3_font_size_tablet=&#8221;24px&#8221; header_3_font_size_phone=&#8221;21px&#8221; header_3_font_size_last_edited=&#8221;on|phone&#8221; locked=&#8221;off&#8221; global_colors_info=&#8221;{}&#8221; theme_builder_area=&#8221;post_content&#8221; sticky_enabled=&#8221;0&#8243;]<h3>Our company is proud to share with you the articles that are talked about fondremy in the media.<\/h3>[\/et_pb_text][et_pb_divider color=&#8221;#dd3333&#8243; divider_weight=&#8221;4px&#8221; _builder_version=&#8221;4.18.0&#8243; _module_preset=&#8221;default&#8221; max_width=&#8221;100px&#8221; max_width_tablet=&#8221;85px&#8221; max_width_phone=&#8221;75px&#8221; max_width_last_edited=&#8221;on|tablet&#8221; module_alignment=&#8221;center&#8221; custom_margin=&#8221;||15px||false|false&#8221; custom_padding=&#8221;||||false|true&#8221; custom_padding_tablet=&#8221;||||false|true&#8221; custom_padding_phone=&#8221;||||false|true&#8221; custom_padding_last_edited=&#8221;on|phone&#8221; locked=&#8221;off&#8221; global_colors_info=&#8221;{}&#8221; theme_builder_area=&#8221;post_content&#8221;][\/et_pb_divider][\/et_pb_column][\/et_pb_row][et_pb_row _builder_version=&#8221;4.18.0&#8243; _module_preset=&#8221;default&#8221; theme_builder_area=&#8221;post_content&#8221; column_structure=&#8221;1_2,1_2&#8243;][et_pb_column _builder_version=&#8221;4.18.0&#8243; _module_preset=&#8221;default&#8221; type=&#8221;1_2&#8243; theme_builder_area=&#8221;post_content&#8221;][et_pb_blurb title=&#8221;Une main-d\u2019\u0153uvre attendue \u00e0 Fondr\u00e9my&#8221; image=&#8221;https:\/\/fondremy.com\/wp-content\/uploads\/2022\/08\/fondremy-1.jpeg&#8221; _builder_version=&#8221;4.18.0&#8243; _module_preset=&#8221;default&#8221; theme_builder_area=&#8221;post_content&#8221; hover_enabled=&#8221;0&#8243; sticky_enabled=&#8221;0&#8243; header_3_font=&#8221;Lato|700|||||||&#8221; header_3_text_color=&#8221;#000000&#8243; header_3_font_size=&#8221;28px&#8221; header_3_font_size_tablet=&#8221;24px&#8221; header_3_font_size_phone=&#8221;21px&#8221; header_3_font_size_last_edited=&#8221;on|phone&#8221; header_3_line_height=&#8221;1.2em&#8221; header_font=&#8221;Lato|700|||||||&#8221; header_text_color=&#8221;#000000&#8243; header_font_size=&#8221;21px&#8221; header_font_size_last_edited=&#8221;on|phone&#8221; header_font_size_tablet=&#8221;18px&#8221; header_font_size_phone=&#8221;16px&#8221; body_font=&#8221;Lato||||||||&#8221; body_text_color=&#8221;#7e7e7e&#8221; body_font_size=&#8221;17px&#8221; body_font_size_tablet=&#8221;16px&#8221; body_font_size_phone=&#8221;14px&#8221; body_font_size_last_edited=&#8221;on|phone&#8221; body_line_height=&#8221;1.5em&#8221; title_text=&#8221;fondremy-1&#8243; link_option_url=&#8221;https:\/\/www.journaldechambly.com\/une-main-doeuvre-attendue-a-fondremy\/&#8221; link_option_url_new_window=&#8221;on&#8221;]<p>Le Journal de Chambly<\/p>[\/et_pb_blurb][\/et_pb_column][et_pb_column _builder_version=&#8221;4.18.0&#8243; _module_preset=&#8221;default&#8221; type=&#8221;1_2&#8243; theme_builder_area=&#8221;post_content&#8221;][et_pb_blurb title=&#8221;Le Qu\u00e9bec matin&#8221; image=&#8221;https:\/\/fondremy.com\/wp-content\/uploads\/2022\/08\/fondremy-1.jpeg&#8221; _builder_version=&#8221;4.18.0&#8243; _module_preset=&#8221;default&#8221; theme_builder_area=&#8221;post_content&#8221; sticky_enabled=&#8221;0&#8243; header_3_font=&#8221;Lato|700|||||||&#8221; header_3_text_color=&#8221;#000000&#8243; header_3_font_size=&#8221;28px&#8221; header_3_font_size_tablet=&#8221;24px&#8221; header_3_font_size_phone=&#8221;21px&#8221; header_3_font_size_last_edited=&#8221;on|phone&#8221; header_3_line_height=&#8221;1.2em&#8221; header_font=&#8221;Lato|700|||||||&#8221; header_text_color=&#8221;#000000&#8243; header_font_size=&#8221;21px&#8221; header_font_size_last_edited=&#8221;on|phone&#8221; header_font_size_tablet=&#8221;18px&#8221; header_font_size_phone=&#8221;16px&#8221; body_font=&#8221;Lato||||||||&#8221; body_text_color=&#8221;#7e7e7e&#8221; body_font_size=&#8221;17px&#8221; body_font_size_tablet=&#8221;16px&#8221; body_font_size_phone=&#8221;14px&#8221; body_font_size_last_edited=&#8221;on|phone&#8221; body_line_height=&#8221;1.5em&#8221; title_text=&#8221;fondremy-1&#8243; link_option_url=&#8221;ttps:\/\/www.tvanouvelles.ca\/emissions\/le-quebec-matin&#8221; link_option_url_new_window=&#8221;on&#8221; locked=&#8221;off&#8221; hover_enabled=&#8221;0&#8243;]<p>TVA Nouvelles<\/p>[\/et_pb_blurb][\/et_pb_column][\/et_pb_row][\/et_pb_section]\n\n\n","protected":false},"excerpt":{"rendered":"<p>Our company is proud to share with you the articles that are talked about fondremy in the media.Le Journal de ChamblyTVA Nouvelles<\/p>\n","protected":false},"author":1,"featured_media":0,"parent":0,"menu_order":0,"comment_status":"closed","ping_status":"closed","template":"","meta":{"_et_pb_use_builder":"on","_et_pb_old_content":"","_et_gb_content_width":""},"yoast_head":"<!-- This site is optimized with the Yoast SEO plugin v20.8 - https:\/\/yoast.com\/wordpress\/plugins\/seo\/ -->\n<title>Newswire | Fondr\u00e9my | Foundry in Chambly, South Shore<\/title>\n<meta name=\"description\" content=\"Our company is proud to share with you the articles about Fondr\u00e9my in the media.\" \/>\n<meta name=\"robots\" content=\"noindex, nofollow\" \/>\n<meta property=\"og:locale\" content=\"en_US\" \/>\n<meta property=\"og:type\" content=\"article\" \/>\n<meta property=\"og:title\" content=\"Newswire | Fondr\u00e9my | Foundry in Chambly, South Shore\" \/>\n<meta property=\"og:description\" content=\"Our company is proud to share with you the articles about Fondr\u00e9my in the media.\" \/>\n<meta property=\"og:url\" content=\"https:\/\/fondremy.com\/en\/newswire\/\" \/>\n<meta property=\"og:site_name\" content=\"Fondr\u00e9my | Fonderie d\u2019aluminium et de cuivre | Chambly, Rive-Sud\" \/>\n<meta property=\"article:modified_time\" content=\"2022-09-14T18:04:50+00:00\" \/>\n<meta name=\"twitter:card\" content=\"summary_large_image\" \/>\n<meta name=\"twitter:label1\" content=\"Est. reading time\" \/>\n\t<meta name=\"twitter:data1\" content=\"2 minutes\" \/>\n<script type=\"application\/ld+json\" class=\"yoast-schema-graph\">{\"@context\":\"https:\/\/schema.org\",\"@graph\":[{\"@type\":\"WebPage\",\"@id\":\"https:\/\/fondremy.com\/en\/newswire\/\",\"url\":\"https:\/\/fondremy.com\/en\/newswire\/\",\"name\":\"Newswire | Fondr\u00e9my | Foundry in Chambly, South Shore\",\"isPartOf\":{\"@id\":\"https:\/\/fondremy.com\/#website\"},\"datePublished\":\"2022-08-31T20:40:18+00:00\",\"dateModified\":\"2022-09-14T18:04:50+00:00\",\"description\":\"Our company is proud to share with you the articles about Fondr\u00e9my in the media.\",\"breadcrumb\":{\"@id\":\"https:\/\/fondremy.com\/en\/newswire\/#breadcrumb\"},\"inLanguage\":\"en-US\",\"potentialAction\":[{\"@type\":\"ReadAction\",\"target\":[\"https:\/\/fondremy.com\/en\/newswire\/\"]}]},{\"@type\":\"BreadcrumbList\",\"@id\":\"https:\/\/fondremy.com\/en\/newswire\/#breadcrumb\",\"itemListElement\":[{\"@type\":\"ListItem\",\"position\":1,\"name\":\"Home\",\"item\":\"https:\/\/fondremy.com\/en\/home\/\"},{\"@type\":\"ListItem\",\"position\":2,\"name\":\"Newswire\"}]},{\"@type\":\"WebSite\",\"@id\":\"https:\/\/fondremy.com\/#website\",\"url\":\"https:\/\/fondremy.com\/\",\"name\":\"Fondr\u00e9my | Fonderie d\u2019aluminium et de cuivre | Chambly, Rive-Sud\",\"description\":\"Fondr\u00e9my est la r\u00e9f\u00e9rence dans l\u2019industrie de la fabrication de pi\u00e8ces  moul\u00e9es d\u2018alliages d\u2019aluminium et de cuivre de qualit\u00e9.\",\"potentialAction\":[{\"@type\":\"SearchAction\",\"target\":{\"@type\":\"EntryPoint\",\"urlTemplate\":\"https:\/\/fondremy.com\/?s={search_term_string}\"},\"query-input\":\"required name=search_term_string\"}],\"inLanguage\":\"en-US\"}]}<\/script>\n<!-- \/ Yoast SEO plugin. -->","yoast_head_json":{"title":"Newswire | Fondr\u00e9my | Foundry in Chambly, South Shore","description":"Our company is proud to share with you the articles about Fondr\u00e9my in the media.","robots":{"index":"noindex","follow":"nofollow"},"og_locale":"en_US","og_type":"article","og_title":"Newswire | Fondr\u00e9my | Foundry in Chambly, South Shore","og_description":"Our company is proud to share with you the articles about Fondr\u00e9my in the media.","og_url":"https:\/\/fondremy.com\/en\/newswire\/","og_site_name":"Fondr\u00e9my | Fonderie d\u2019aluminium et de cuivre | Chambly, Rive-Sud","article_modified_time":"2022-09-14T18:04:50+00:00","twitter_card":"summary_large_image","twitter_misc":{"Est. reading time":"2 minutes"},"schema":{"@context":"https:\/\/schema.org","@graph":[{"@type":"WebPage","@id":"https:\/\/fondremy.com\/en\/newswire\/","url":"https:\/\/fondremy.com\/en\/newswire\/","name":"Newswire | Fondr\u00e9my | Foundry in Chambly, South Shore","isPartOf":{"@id":"https:\/\/fondremy.com\/#website"},"datePublished":"2022-08-31T20:40:18+00:00","dateModified":"2022-09-14T18:04:50+00:00","description":"Our company is proud to share with you the articles about Fondr\u00e9my in the media.","breadcrumb":{"@id":"https:\/\/fondremy.com\/en\/newswire\/#breadcrumb"},"inLanguage":"en-US","potentialAction":[{"@type":"ReadAction","target":["https:\/\/fondremy.com\/en\/newswire\/"]}]},{"@type":"BreadcrumbList","@id":"https:\/\/fondremy.com\/en\/newswire\/#breadcrumb","itemListElement":[{"@type":"ListItem","position":1,"name":"Home","item":"https:\/\/fondremy.com\/en\/home\/"},{"@type":"ListItem","position":2,"name":"Newswire"}]},{"@type":"WebSite","@id":"https:\/\/fondremy.com\/#website","url":"https:\/\/fondremy.com\/","name":"Fondr\u00e9my | Fonderie d\u2019aluminium et de cuivre | Chambly, Rive-Sud","description":"Fondr\u00e9my est la r\u00e9f\u00e9rence dans l\u2019industrie de la fabrication de pi\u00e8ces  moul\u00e9es d\u2018alliages d\u2019aluminium et de cuivre de qualit\u00e9.","potentialAction":[{"@type":"SearchAction","target":{"@type":"EntryPoint","urlTemplate":"https:\/\/fondremy.com\/?s={search_term_string}"},"query-input":"required name=search_term_string"}],"inLanguage":"en-US"}]}},"_links":{"self":[{"href":"https:\/\/fondremy.com\/en\/wp-json\/wp\/v2\/pages\/7161"}],"collection":[{"href":"https:\/\/fondremy.com\/en\/wp-json\/wp\/v2\/pages"}],"about":[{"href":"https:\/\/fondremy.com\/en\/wp-json\/wp\/v2\/types\/page"}],"author":[{"embeddable":true,"href":"https:\/\/fondremy.com\/en\/wp-json\/wp\/v2\/users\/1"}],"replies":[{"embeddable":true,"href":"https:\/\/fondremy.com\/en\/wp-json\/wp\/v2\/comments?post=7161"}],"version-history":[{"count":1,"href":"https:\/\/fondremy.com\/en\/wp-json\/wp\/v2\/pages\/7161\/revisions"}],"predecessor-version":[{"id":7469,"href":"https:\/\/fondremy.com\/en\/wp-json\/wp\/v2\/pages\/7161\/revisions\/7469"}],"wp:attachment":[{"href":"https:\/\/fondremy.com\/en\/wp-json\/wp\/v2\/media?parent=7161"}],"curies":[{"name":"wp","href":"https:\/\/api.w.org\/{rel}","templated":true}]}}