{"id":7163,"date":"2022-08-31T20:42:40","date_gmt":"2022-08-31T20:42:40","guid":{"rendered":"https:\/\/fondremy.com\/thank-you\/"},"modified":"2024-04-04T19:50:27","modified_gmt":"2024-04-04T19:50:27","slug":"thank-you-career","status":"publish","type":"page","link":"https:\/\/fondremy.com\/en\/thank-you-career\/","title":{"rendered":"Thank you Carriere"},"content":{"rendered":"\n\n[et_pb_section fb_built=&#8221;1&#8243; custom_padding_last_edited=&#8221;on|tablet&#8221; _builder_version=&#8221;4.16&#8243; _module_preset=&#8221;default&#8221; use_background_color_gradient=&#8221;on&#8221; background_color_gradient_stops=&#8221;rgba(0,0,0,0.35) 0%|rgba(0,0,0,0.35) 100%&#8221; background_color_gradient_overlays_image=&#8221;on&#8221; background_color_gradient_start=&#8221;rgba(0,0,0,0.35)&#8221; background_color_gradient_end=&#8221;rgba(0,0,0,0.35)&#8221; background_image=&#8221;https:\/\/fondremy.com\/wp-content\/uploads\/2022\/05\/Fondremy-Hero-carriere.jpg&#8221; custom_padding_tablet=&#8221;40px||30px||false|false&#8221; custom_padding_phone=&#8221;30px||20px||false|false&#8221; global_colors_info=&#8221;{}&#8221; locked=&#8221;off&#8221; theme_builder_area=&#8221;post_content&#8221;][et_pb_row _builder_version=&#8221;4.17.4&#8243; _module_preset=&#8221;default&#8221; width=&#8221;85%&#8221; max_width=&#8221;100%&#8221; custom_padding=&#8221;200px||||false|false&#8221; global_colors_info=&#8221;{}&#8221; theme_builder_area=&#8221;post_content&#8221;][et_pb_column type=&#8221;4_4&#8243; _builder_version=&#8221;4.16&#8243; _module_preset=&#8221;default&#8221; global_colors_info=&#8221;{}&#8221; theme_builder_area=&#8221;post_content&#8221;][et_pb_text _builder_version=&#8221;4.17.4&#8243; _dynamic_attributes=&#8221;content&#8221; _module_preset=&#8221;default&#8221; header_font=&#8221;Lato|700|||||||&#8221; header_text_color=&#8221;#FFFFFF&#8221; header_font_size=&#8221;40px&#8221; animation_style=&#8221;fade&#8221; hover_enabled=&#8221;0&#8243; header_font_size_tablet=&#8221;34px&#8221; header_font_size_phone=&#8221;30px&#8221; header_font_size_last_edited=&#8221;on|phone&#8221; global_colors_info=&#8221;{}&#8221; theme_builder_area=&#8221;post_content&#8221; sticky_enabled=&#8221;0&#8243;]@ET-DC@eyJkeW5hbWljIjp0cnVlLCJjb250ZW50IjoicG9zdF90aXRsZSIsInNldHRpbmdzIjp7ImJlZm9yZSI6IjxoMT4iLCJhZnRlciI6IjwvaDE+In19@[\/et_pb_text][\/et_pb_column][\/et_pb_row][\/et_pb_section][et_pb_section fb_built=&#8221;1&#8243; custom_padding_last_edited=&#8221;on|phone&#8221; _builder_version=&#8221;4.17.4&#8243; _module_preset=&#8221;default&#8221; custom_padding=&#8221;||25px||false|false&#8221; custom_padding_tablet=&#8221;30px||15px||false|false&#8221; custom_padding_phone=&#8221;30px||15px||false|false&#8221; global_colors_info=&#8221;{}&#8221; locked=&#8221;off&#8221; theme_builder_area=&#8221;post_content&#8221;][et_pb_row _builder_version=&#8221;4.16&#8243; _module_preset=&#8221;default&#8221; global_colors_info=&#8221;{}&#8221; theme_builder_area=&#8221;post_content&#8221;][et_pb_column type=&#8221;4_4&#8243; _builder_version=&#8221;4.16&#8243; _module_preset=&#8221;default&#8221; global_colors_info=&#8221;{}&#8221; theme_builder_area=&#8221;post_content&#8221;][et_pb_icon _builder_version=&#8221;4.17.4&#8243; _module_preset=&#8221;default&#8221; theme_builder_area=&#8221;post_content&#8221; font_icon=&#8221;\uf4da||fa||400&#8243; hover_enabled=&#8221;0&#8243; sticky_enabled=&#8221;0&#8243; icon_color=&#8221;#7cda24&#8243;][\/et_pb_icon][et_pb_text _builder_version=&#8221;4.17.4&#8243; _module_preset=&#8221;default&#8221; text_font=&#8221;Lato||||||||&#8221; text_font_size=&#8221;24px&#8221; header_3_font=&#8221;Lato|900|||||||&#8221; header_3_text_align=&#8221;center&#8221; header_3_font_size=&#8221;2rem&#8221; animation_style=&#8221;fade&#8221; hover_enabled=&#8221;0&#8243; text_font_size_tablet=&#8221;20px&#8221; text_font_size_phone=&#8221;18px&#8221; text_font_size_last_edited=&#8221;on|phone&#8221; header_3_font_size_tablet=&#8221;1.8rem&#8221; header_3_font_size_phone=&#8221;1.6rem&#8221; header_3_font_size_last_edited=&#8221;on|phone&#8221; global_colors_info=&#8221;{}&#8221; theme_builder_area=&#8221;post_content&#8221; sticky_enabled=&#8221;0&#8243;]<h3>Thank you<\/h3>[\/et_pb_text][et_pb_text _builder_version=&#8221;4.17.4&#8243; _module_preset=&#8221;default&#8221; text_font=&#8221;Lato||||||||&#8221; text_text_color=&#8221;#7e7e7e&#8221; text_font_size=&#8221;1.1rem&#8221; text_line_height=&#8221;1.5em&#8221; header_3_font=&#8221;Lato|900|||||||&#8221; header_3_text_align=&#8221;center&#8221; header_3_font_size=&#8221;40px&#8221; text_orientation=&#8221;center&#8221; max_width=&#8221;590px&#8221; module_alignment=&#8221;center&#8221; animation_style=&#8221;fade&#8221; hover_enabled=&#8221;0&#8243; text_font_size_tablet=&#8221;1rem&#8221; text_font_size_phone=&#8221;1rem&#8221; text_font_size_last_edited=&#8221;on|phone&#8221; header_3_font_size_tablet=&#8221;34px&#8221; header_3_font_size_phone=&#8221;30px&#8221; header_3_font_size_last_edited=&#8221;on|phone&#8221; global_colors_info=&#8221;{}&#8221; theme_builder_area=&#8221;post_content&#8221; sticky_enabled=&#8221;0&#8243;]We have received your application.[\/et_pb_text][et_pb_divider color=&#8221;#dd3333&#8243; divider_weight=&#8221;4px&#8221; _builder_version=&#8221;4.17.4&#8243; _module_preset=&#8221;default&#8221; transform_translate=&#8221;-7px|0px&#8221; transform_translate_linked=&#8221;off&#8221; transform_rotate=&#8221;0deg|0deg|90deg&#8221; max_width=&#8221;100px&#8221; module_alignment=&#8221;center&#8221; custom_margin=&#8221;75px||75px||true|false&#8221; custom_margin_tablet=&#8221;75px||75px||true|false&#8221; custom_margin_phone=&#8221;75px||75px||true|false&#8221; custom_margin_last_edited=&#8221;on|phone&#8221; animation_style=&#8221;slide&#8221; global_colors_info=&#8221;{}&#8221; theme_builder_area=&#8221;post_content&#8221;][\/et_pb_divider][et_pb_button button_text=&#8221;Retourner \u00e0 l&#8217;accueil&#8221; button_alignment=&#8221;center&#8221; _builder_version=&#8221;4.17.4&#8243; _module_preset=&#8221;default&#8221; custom_button=&#8221;on&#8221; button_text_size=&#8221;1rem&#8221; button_text_color=&#8221;#FFFFFF&#8221; button_bg_color=&#8221;#dd3333&#8243; button_border_width=&#8221;0px&#8221; button_border_color=&#8221;#FFFFFF&#8221; button_border_radius=&#8221;0px&#8221; button_font=&#8221;Lato|900|||||||&#8221; button_use_icon=&#8221;off&#8221; transform_translate_linked__hover=&#8221;off&#8221; custom_padding=&#8221;15px|30px|15px|30px|true|true&#8221; animation_style=&#8221;fade&#8221; hover_enabled=&#8221;0&#8243; button_text_size_tablet=&#8221;1rem&#8221; button_text_size_phone=&#8221;1rem&#8221; button_text_size_last_edited=&#8221;on|phone&#8221; global_colors_info=&#8221;{}&#8221; transform_styles__hover_enabled=&#8221;on|hover&#8221; transform_scale__hover_enabled=&#8221;on|hover&#8221; transform_translate__hover_enabled=&#8221;on|hover&#8221; transform_rotate__hover_enabled=&#8221;on|desktop&#8221; transform_skew__hover_enabled=&#8221;on|desktop&#8221; transform_origin__hover_enabled=&#8221;on|desktop&#8221; transform_translate__hover=&#8221;0px|-5px&#8221; locked=&#8221;off&#8221; theme_builder_area=&#8221;post_content&#8221; button_url=&#8221;@ET-DC@eyJkeW5hbWljIjp0cnVlLCJjb250ZW50IjoiaG9tZV91cmwiLCJzZXR0aW5ncyI6e319@&#8221; _dynamic_attributes=&#8221;button_url&#8221; sticky_enabled=&#8221;0&#8243;][\/et_pb_button][\/et_pb_column][\/et_pb_row][\/et_pb_section]\n\n","protected":false},"excerpt":{"rendered":"<p>Thank youWe have received your application.<\/p>\n","protected":false},"author":1,"featured_media":0,"parent":0,"menu_order":0,"comment_status":"closed","ping_status":"closed","template":"","meta":{"_et_pb_use_builder":"on","_et_pb_old_content":"","_et_gb_content_width":""},"yoast_head":"<!-- This site is optimized with the Yoast SEO plugin v20.8 - https:\/\/yoast.com\/wordpress\/plugins\/seo\/ -->\n<title>Merci | Fondr\u00e9my - Chambly<\/title>\n<meta name=\"description\" content=\"We have received your application and will get back to you as soon as possible.\" \/>\n<meta name=\"robots\" content=\"index, follow, max-snippet:-1, max-image-preview:large, max-video-preview:-1\" \/>\n<link rel=\"canonical\" href=\"https:\/\/fondremy.com\/en\/thank-you-career\/\" \/>\n<meta property=\"og:locale\" content=\"en_US\" \/>\n<meta property=\"og:type\" content=\"article\" \/>\n<meta property=\"og:title\" content=\"Merci | Fondr\u00e9my - Chambly\" \/>\n<meta property=\"og:description\" content=\"We have received your application and will get back to you as soon as possible.\" \/>\n<meta property=\"og:url\" content=\"https:\/\/fondremy.com\/en\/thank-you-career\/\" \/>\n<meta property=\"og:site_name\" content=\"Fondr\u00e9my | Fonderie d\u2019aluminium et de cuivre | Chambly, Rive-Sud\" \/>\n<meta property=\"article:modified_time\" content=\"2024-04-04T19:50:27+00:00\" \/>\n<meta name=\"twitter:card\" content=\"summary_large_image\" \/>\n<meta name=\"twitter:label1\" content=\"Est. reading time\" \/>\n\t<meta name=\"twitter:data1\" content=\"1 minute\" \/>\n<script type=\"application\/ld+json\" class=\"yoast-schema-graph\">{\"@context\":\"https:\/\/schema.org\",\"@graph\":[{\"@type\":\"WebPage\",\"@id\":\"https:\/\/fondremy.com\/en\/thank-you-career\/\",\"url\":\"https:\/\/fondremy.com\/en\/thank-you-career\/\",\"name\":\"Merci | Fondr\u00e9my - Chambly\",\"isPartOf\":{\"@id\":\"https:\/\/fondremy.com\/#website\"},\"datePublished\":\"2022-08-31T20:42:40+00:00\",\"dateModified\":\"2024-04-04T19:50:27+00:00\",\"description\":\"We have received your application and will get back to you as soon as possible.\",\"breadcrumb\":{\"@id\":\"https:\/\/fondremy.com\/en\/thank-you-career\/#breadcrumb\"},\"inLanguage\":\"en-US\",\"potentialAction\":[{\"@type\":\"ReadAction\",\"target\":[\"https:\/\/fondremy.com\/en\/thank-you-career\/\"]}]},{\"@type\":\"BreadcrumbList\",\"@id\":\"https:\/\/fondremy.com\/en\/thank-you-career\/#breadcrumb\",\"itemListElement\":[{\"@type\":\"ListItem\",\"position\":1,\"name\":\"Home\",\"item\":\"https:\/\/fondremy.com\/en\/home\/\"},{\"@type\":\"ListItem\",\"position\":2,\"name\":\"Thank you Carriere\"}]},{\"@type\":\"WebSite\",\"@id\":\"https:\/\/fondremy.com\/#website\",\"url\":\"https:\/\/fondremy.com\/\",\"name\":\"Fondr\u00e9my | Fonderie d\u2019aluminium et de cuivre | Chambly, Rive-Sud\",\"description\":\"Fondr\u00e9my est la r\u00e9f\u00e9rence dans l\u2019industrie de la fabrication de pi\u00e8ces  moul\u00e9es d\u2018alliages d\u2019aluminium et de cuivre de qualit\u00e9.\",\"potentialAction\":[{\"@type\":\"SearchAction\",\"target\":{\"@type\":\"EntryPoint\",\"urlTemplate\":\"https:\/\/fondremy.com\/?s={search_term_string}\"},\"query-input\":\"required name=search_term_string\"}],\"inLanguage\":\"en-US\"}]}<\/script>\n<!-- \/ Yoast SEO plugin. -->","yoast_head_json":{"title":"Merci | Fondr\u00e9my - Chambly","description":"We have received your application and will get back to you as soon as possible.","robots":{"index":"index","follow":"follow","max-snippet":"max-snippet:-1","max-image-preview":"max-image-preview:large","max-video-preview":"max-video-preview:-1"},"canonical":"https:\/\/fondremy.com\/en\/thank-you-career\/","og_locale":"en_US","og_type":"article","og_title":"Merci | Fondr\u00e9my - Chambly","og_description":"We have received your application and will get back to you as soon as possible.","og_url":"https:\/\/fondremy.com\/en\/thank-you-career\/","og_site_name":"Fondr\u00e9my | Fonderie d\u2019aluminium et de cuivre | Chambly, Rive-Sud","article_modified_time":"2024-04-04T19:50:27+00:00","twitter_card":"summary_large_image","twitter_misc":{"Est. reading time":"1 minute"},"schema":{"@context":"https:\/\/schema.org","@graph":[{"@type":"WebPage","@id":"https:\/\/fondremy.com\/en\/thank-you-career\/","url":"https:\/\/fondremy.com\/en\/thank-you-career\/","name":"Merci | Fondr\u00e9my - Chambly","isPartOf":{"@id":"https:\/\/fondremy.com\/#website"},"datePublished":"2022-08-31T20:42:40+00:00","dateModified":"2024-04-04T19:50:27+00:00","description":"We have received your application and will get back to you as soon as possible.","breadcrumb":{"@id":"https:\/\/fondremy.com\/en\/thank-you-career\/#breadcrumb"},"inLanguage":"en-US","potentialAction":[{"@type":"ReadAction","target":["https:\/\/fondremy.com\/en\/thank-you-career\/"]}]},{"@type":"BreadcrumbList","@id":"https:\/\/fondremy.com\/en\/thank-you-career\/#breadcrumb","itemListElement":[{"@type":"ListItem","position":1,"name":"Home","item":"https:\/\/fondremy.com\/en\/home\/"},{"@type":"ListItem","position":2,"name":"Thank you Carriere"}]},{"@type":"WebSite","@id":"https:\/\/fondremy.com\/#website","url":"https:\/\/fondremy.com\/","name":"Fondr\u00e9my | Fonderie d\u2019aluminium et de cuivre | Chambly, Rive-Sud","description":"Fondr\u00e9my est la r\u00e9f\u00e9rence dans l\u2019industrie de la fabrication de pi\u00e8ces  moul\u00e9es d\u2018alliages d\u2019aluminium et de cuivre de qualit\u00e9.","potentialAction":[{"@type":"SearchAction","target":{"@type":"EntryPoint","urlTemplate":"https:\/\/fondremy.com\/?s={search_term_string}"},"query-input":"required name=search_term_string"}],"inLanguage":"en-US"}]}},"_links":{"self":[{"href":"https:\/\/fondremy.com\/en\/wp-json\/wp\/v2\/pages\/7163"}],"collection":[{"href":"https:\/\/fondremy.com\/en\/wp-json\/wp\/v2\/pages"}],"about":[{"href":"https:\/\/fondremy.com\/en\/wp-json\/wp\/v2\/types\/page"}],"author":[{"embeddable":true,"href":"https:\/\/fondremy.com\/en\/wp-json\/wp\/v2\/users\/1"}],"replies":[{"embeddable":true,"href":"https:\/\/fondremy.com\/en\/wp-json\/wp\/v2\/comments?post=7163"}],"version-history":[{"count":3,"href":"https:\/\/fondremy.com\/en\/wp-json\/wp\/v2\/pages\/7163\/revisions"}],"predecessor-version":[{"id":7635,"href":"https:\/\/fondremy.com\/en\/wp-json\/wp\/v2\/pages\/7163\/revisions\/7635"}],"wp:attachment":[{"href":"https:\/\/fondremy.com\/en\/wp-json\/wp\/v2\/media?parent=7163"}],"curies":[{"name":"wp","href":"https:\/\/api.w.org\/{rel}","templated":true}]}}