{"id":7172,"date":"2022-08-31T20:48:32","date_gmt":"2022-08-31T20:48:32","guid":{"rendered":"https:\/\/fondremy.com\/our-work\/"},"modified":"2024-04-04T19:50:30","modified_gmt":"2024-04-04T19:50:30","slug":"our-work","status":"publish","type":"page","link":"https:\/\/fondremy.com\/en\/our-work\/","title":{"rendered":"Our achievements"},"content":{"rendered":"\n\n[et_pb_section fb_built=&#8221;1&#8243; module_id=&#8221;global-header-section&#8221; module_class=&#8221;pa-header&#8221; _builder_version=&#8221;4.18.0&#8243; _module_preset=&#8221;default&#8221; background_enable_color=&#8221;off&#8221; positioning=&#8221;fixed&#8221; position_origin_f=&#8221;top_center&#8221; custom_padding=&#8221;0px||0px|||&#8221; global_colors_info=&#8221;{}&#8221;][et_pb_row column_structure=&#8221;1_2,1_2&#8243; make_equal=&#8221;on&#8221; custom_padding_last_edited=&#8221;on|phone&#8221; _builder_version=&#8221;4.18.0&#8243; _module_preset=&#8221;default&#8221; width=&#8221;90%&#8221; max_width=&#8221;1350px&#8221; custom_margin=&#8221;||||false|false&#8221; custom_padding=&#8221;0px||0px||false|false&#8221; custom_padding_tablet=&#8221;10px||15px||false|false&#8221; custom_padding_phone=&#8221;||15px||false|false&#8221; custom_css_main_element=&#8221;align-items: center;&#8221; global_colors_info=&#8221;{}&#8221;][et_pb_column type=&#8221;1_2&#8243; _builder_version=&#8221;4.18.0&#8243; _module_preset=&#8221;default&#8221; custom_css_main_element=&#8221;width: 99%!important;&#8221; global_colors_info=&#8221;{}&#8221; custom_css_main_element_last_edited=&#8221;on|desktop&#8221; custom_css_main_element_tablet=&#8221;width: 95%!important;&#8221; custom_css_main_element_phone=&#8221;width: 95%!important;&#8221;][et_pb_menu active_link_color=&#8221;#000000&#8243; dropdown_menu_bg_color=&#8221;#000000&#8243; dropdown_menu_line_color=&#8221;#000000&#8243; dropdown_menu_text_color=&#8221;#FFFFFF&#8221; dropdown_menu_active_link_color=&#8221;#FFFFFF&#8221; mobile_menu_bg_color=&#8221;#000000&#8243; mobile_menu_text_color=&#8221;#FFFFFF&#8221; logo=&#8221;@ET-DC@eyJkeW5hbWljIjp0cnVlLCJjb250ZW50Ijoic2l0ZV9sb2dvIiwic2V0dGluZ3MiOnt9fQ==@&#8221; logo_url=&#8221;@ET-DC@eyJkeW5hbWljIjp0cnVlLCJjb250ZW50IjoiaG9tZV91cmwiLCJzZXR0aW5ncyI6e319@&#8221; logo_max_width=&#8221;175px&#8221; cart_icon_color=&#8221;#000000&#8243; search_icon_color=&#8221;#000000&#8243; menu_icon_color=&#8221;#000000&#8243; active_link_color_tablet=&#8221;#FFFFFF&#8221; active_link_color_phone=&#8221;#FFFFFF&#8221; active_link_color_last_edited=&#8221;on|phone&#8221; _builder_version=&#8221;4.18.0&#8243; _dynamic_attributes=&#8221;logo_url,logo&#8221; _module_preset=&#8221;default&#8221; menu_font=&#8221;Lato|700||on|||||&#8221; menu_text_color=&#8221;#7E7E7E&#8221; background_enable_color=&#8221;off&#8221; text_orientation=&#8221;right&#8221; custom_margin=&#8221;0px||0px||false|false&#8221; custom_margin_tablet=&#8221;15px||-30px||false|false&#8221; custom_margin_phone=&#8221;||-30px||false|false&#8221; custom_margin_last_edited=&#8221;on|phone&#8221; custom_padding=&#8221;0px||0px||false|false&#8221; custom_padding_tablet=&#8221;0px||0px||false|false&#8221; custom_padding_phone=&#8221;0px||0px||false|false&#8221; custom_padding_last_edited=&#8221;on|tablet&#8221; menu_text_color_tablet=&#8221;#FFFFFF&#8221; menu_text_color_phone=&#8221;#FFFFFF&#8221; menu_text_color_last_edited=&#8221;on|phone&#8221; menu_font_size_tablet=&#8221;13px&#8221; menu_font_size_phone=&#8221;13px&#8221; menu_font_size_last_edited=&#8221;on|phone&#8221; menu_line_height_tablet=&#8221;1.2em&#8221; menu_line_height_phone=&#8221;1.2em&#8221; menu_line_height_last_edited=&#8221;on|phone&#8221; text_orientation_tablet=&#8221;right&#8221; text_orientation_phone=&#8221;right&#8221; text_orientation_last_edited=&#8221;on|desktop&#8221; global_colors_info=&#8221;{}&#8221; menu_text_color__hover_enabled=&#8221;on|desktop&#8221; menu_text_color__hover=&#8221;#000000&#8243; dropdown_menu_text_color__hover_enabled=&#8221;on|hover&#8221; mobile_menu_text_color__hover_enabled=&#8221;on|hover&#8221; mobile_menu_text_color__hover=&#8221;#FFFFFF&#8221; active_link_color__hover_enabled=&#8221;on|desktop&#8221; dropdown_menu_text_color__hover=&#8221;#FFFFFF&#8221; active_link_color__hover=&#8221;#000000&#8243;][\/et_pb_menu][et_pb_code _builder_version=&#8221;4.18.0&#8243; _module_preset=&#8221;default&#8221; global_colors_info=&#8221;{}&#8221;]<script><!-- [et_pb_line_break_holder] -->jQuery(function($){<!-- [et_pb_line_break_holder] -->   <!-- [et_pb_line_break_holder] -->var topPosition = 0;<!-- [et_pb_line_break_holder] --> <!-- [et_pb_line_break_holder] --> <!-- [et_pb_line_break_holder] -->$(window).scroll(function() {<!-- [et_pb_line_break_holder] --> <!-- [et_pb_line_break_holder] -->    var scrollMovement = $(window).scrollTop();<!-- [et_pb_line_break_holder] -->   <!-- [et_pb_line_break_holder] -->    if (topPosition <50 ){<!-- [et_pb_line_break_holder] -->    }<!-- [et_pb_line_break_holder] -->    else{<!-- [et_pb_line_break_holder] -->    if(scrollMovement > topPosition) {<!-- [et_pb_line_break_holder] -->          $('#global-header-section').removeClass('show-header');<!-- [et_pb_line_break_holder] -->          $('#global-header-section').addClass('hide-header');<!-- [et_pb_line_break_holder] -->    } else {<!-- [et_pb_line_break_holder] -->          $('#global-header-section').removeClass('hide-header');<!-- [et_pb_line_break_holder] -->          $('#global-header-section').addClass('show-header');<!-- [et_pb_line_break_holder] -->    }<!-- [et_pb_line_break_holder] -->    }<!-- [et_pb_line_break_holder] -->    topPosition = scrollMovement;<!-- [et_pb_line_break_holder] -->});  <!-- [et_pb_line_break_holder] -->   <!-- [et_pb_line_break_holder] -->});<!-- [et_pb_line_break_holder] --><\/script><!-- [et_pb_line_break_holder] --><!-- [et_pb_line_break_holder] --><style><!-- [et_pb_line_break_holder] --> <!-- [et_pb_line_break_holder] -->.hide-header {<!-- [et_pb_line_break_holder] -->opacity: 0;<!-- [et_pb_line_break_holder] -->margin-top: -200px !important;<!-- [et_pb_line_break_holder] -->}<!-- [et_pb_line_break_holder] --> <!-- [et_pb_line_break_holder] -->.show-header {<!-- [et_pb_line_break_holder] -->opacity: 1;<!-- [et_pb_line_break_holder] -->margin-top: 0px !important;<!-- [et_pb_line_break_holder] -->}<!-- [et_pb_line_break_holder] --> <!-- [et_pb_line_break_holder] -->#global-header-section {<!-- [et_pb_line_break_holder] -->-webkit-transition: all 0.5s ease !important;<!-- [et_pb_line_break_holder] -->-moz-transition: all 0.5s ease !important;<!-- [et_pb_line_break_holder] -->-o-transition: all 0.5s ease !important;<!-- [et_pb_line_break_holder] -->-ms-transition: all 0.5s ease !important;<!-- [et_pb_line_break_holder] -->transition: all 0.5s ease !important;<!-- [et_pb_line_break_holder] -->}<!-- [et_pb_line_break_holder] --><\/style>[\/et_pb_code][\/et_pb_column][et_pb_column type=&#8221;1_2&#8243; _builder_version=&#8221;4.18.0&#8243; _module_preset=&#8221;default&#8221; custom_css_main_element=&#8221;width: 1%!important;&#8221; global_colors_info=&#8221;{}&#8221;][et_pb_social_media_follow icon_color=&#8221;#FFFFFF&#8221; _builder_version=&#8221;4.18.0&#8243; _module_preset=&#8221;default&#8221; custom_margin=&#8221;8px||0px||false|false&#8221; custom_margin_tablet=&#8221;17px||0px||false|false&#8221; custom_margin_phone=&#8221;17px||0px||false|false&#8221; custom_margin_last_edited=&#8221;on|desktop&#8221; custom_padding=&#8221;0px||0px||false|false&#8221; global_colors_info=&#8221;{}&#8221;][et_pb_social_media_follow_network social_network=&#8221;facebook&#8221; url=&#8221;https:\/\/www.facebook.com\/fondremy&#8221; _builder_version=&#8221;4.18.0&#8243; _module_preset=&#8221;default&#8221; background_color=&#8221;#000000&#8243; background_enable_color=&#8221;on&#8221; global_colors_info=&#8221;{}&#8221; follow_button=&#8221;off&#8221; url_new_window=&#8221;on&#8221;]facebook[\/et_pb_social_media_follow_network][\/et_pb_social_media_follow][\/et_pb_column][\/et_pb_row][\/et_pb_section][et_pb_section fb_built=&#8221;1&#8243; custom_padding_last_edited=&#8221;on|phone&#8221; _builder_version=&#8221;4.18.0&#8243; _module_preset=&#8221;default&#8221; background_image=&#8221;https:\/\/fondremy.com\/wp-content\/uploads\/2022\/08\/fondremy-realisations-hero.jpeg&#8221; custom_padding=&#8221;24vh||14vh||false|false&#8221; custom_padding_tablet=&#8221;14vh||8vh||false|false&#8221; custom_padding_phone=&#8221;||3vh||false|false&#8221; locked=&#8221;off&#8221; global_colors_info=&#8221;{}&#8221;][et_pb_row _builder_version=&#8221;4.17.6&#8243; _module_preset=&#8221;default&#8221; global_colors_info=&#8221;{}&#8221;][et_pb_column type=&#8221;4_4&#8243; _builder_version=&#8221;4.17.6&#8243; _module_preset=&#8221;default&#8221; global_colors_info=&#8221;{}&#8221;][et_pb_text _builder_version=&#8221;4.18.0&#8243; _dynamic_attributes=&#8221;content&#8221; _module_preset=&#8221;default&#8221; header_font=&#8221;Lato|900||on|||||&#8221; header_text_align=&#8221;center&#8221; header_text_color=&#8221;#FFFFFF&#8221; header_font_size=&#8221;70px&#8221; header_3_font_size=&#8221;28px&#8221; animation_style=&#8221;fade&#8221; header_font_size_tablet=&#8221;60px&#8221; header_font_size_phone=&#8221;39px&#8221; header_font_size_last_edited=&#8221;on|phone&#8221; header_3_font_size_tablet=&#8221;24px&#8221; header_3_font_size_phone=&#8221;21px&#8221; header_3_font_size_last_edited=&#8221;on|phone&#8221; global_colors_info=&#8221;{}&#8221;]@ET-DC@eyJkeW5hbWljIjp0cnVlLCJjb250ZW50IjoicG9zdF90aXRsZSIsInNldHRpbmdzIjp7ImJlZm9yZSI6IjxoMT4iLCJhZnRlciI6IjwvaDE+In19@[\/et_pb_text][\/et_pb_column][\/et_pb_row][\/et_pb_section][et_pb_section fb_built=&#8221;1&#8243; _builder_version=&#8221;4.18.0&#8243; _module_preset=&#8221;default&#8221; global_colors_info=&#8221;{}&#8221;][et_pb_row _builder_version=&#8221;4.18.0&#8243; _module_preset=&#8221;default&#8221; global_colors_info=&#8221;{}&#8221;][et_pb_column type=&#8221;4_4&#8243; _builder_version=&#8221;4.18.0&#8243; _module_preset=&#8221;default&#8221; global_colors_info=&#8221;{}&#8221;][et_pb_portfolio fullwidth=&#8221;off&#8221; posts_number=&#8221;100&#8243; include_categories=&#8221;all&#8221; show_categories=&#8221;off&#8221; show_pagination=&#8221;off&#8221; zoom_icon_color=&#8221;RGBA(255,255,255,0)&#8221; hover_overlay_color=&#8221;RGBA(255,255,255,0)&#8221; module_class=&#8221;lwp-col-portfolio&#8221; _builder_version=&#8221;4.18.0&#8243; _module_preset=&#8221;default&#8221; title_level=&#8221;h4&#8243; title_font=&#8221;Lato|700||on|||||&#8221; title_text_color=&#8221;#000000&#8243; title_font_size=&#8221;15px&#8221; title_text_align_tablet=&#8221;&#8221; title_text_align_phone=&#8221;center&#8221; title_text_align_last_edited=&#8221;on|phone&#8221; title_font_size_tablet=&#8221;14px&#8221; title_font_size_phone=&#8221;13px&#8221; title_font_size_last_edited=&#8221;on|phone&#8221; global_colors_info=&#8221;{}&#8221;][\/et_pb_portfolio][\/et_pb_column][\/et_pb_row][\/et_pb_section][et_pb_section fb_built=&#8221;1&#8243; custom_padding_last_edited=&#8221;on|phone&#8221; _builder_version=&#8221;4.17.4&#8243; _module_preset=&#8221;default&#8221; background_color=&#8221;#262626&#8243; positioning=&#8221;none&#8221; position_origin_a=&#8221;top_center&#8221; position_origin_f=&#8221;top_center&#8221; custom_padding=&#8221;||||true|false&#8221; custom_padding_tablet=&#8221;||||true|false&#8221; custom_padding_phone=&#8221;||||true|false&#8221; background_color_tablet=&#8221;#FFFFFF&#8221; background_color_phone=&#8221;#FFFFFF&#8221; background_last_edited=&#8221;off|desktop&#8221; background_enable_color_tablet=&#8221;on&#8221; background_enable_color_phone=&#8221;on&#8221; locked=&#8221;off&#8221; global_colors_info=&#8221;{}&#8221;][et_pb_row column_structure=&#8221;1_4,1_4,1_4,1_4&#8243; custom_padding_last_edited=&#8221;on|phone&#8221; _builder_version=&#8221;4.17.4&#8243; _module_preset=&#8221;default&#8221; background_enable_color=&#8221;off&#8221; width=&#8221;86%&#8221; width_tablet=&#8221;95%&#8221; width_phone=&#8221;&#8221; width_last_edited=&#8221;on|phone&#8221; max_width=&#8221;1450px&#8221; max_width_tablet=&#8221;90%&#8221; max_width_phone=&#8221;90%&#8221; max_width_last_edited=&#8221;on|phone&#8221; custom_padding=&#8221;||||false|false&#8221; custom_padding_tablet=&#8221;||||false|false&#8221; custom_padding_phone=&#8221;||||false|false&#8221; background_last_edited=&#8221;on|phone&#8221; border_radii=&#8221;on|5px|5px|5px|5px&#8221; global_colors_info=&#8221;{}&#8221;][et_pb_column type=&#8221;1_4&#8243; module_class=&#8221;custom-column-1&#8243; _builder_version=&#8221;4.17.4&#8243; _module_preset=&#8221;default&#8221; global_colors_info=&#8221;{}&#8221;][et_pb_text _builder_version=&#8221;4.17.4&#8243; _module_preset=&#8221;default&#8221; text_font=&#8221;Lato||||||||&#8221; text_text_color=&#8221;#bfbfbf&#8221; header_2_font=&#8221;Lato|900|on||||||&#8221; header_2_text_color=&#8221;#000000&#8243; header_2_font_size=&#8221;28px&#8221; header_2_line_height=&#8221;1.2em&#8221; header_4_font=&#8221;Lato||||||||&#8221; header_4_text_color=&#8221;#FFFFFF&#8221; text_font_size_tablet=&#8221;13px&#8221; text_font_size_phone=&#8221;12px&#8221; text_font_size_last_edited=&#8221;on|phone&#8221; header_2_font_size_tablet=&#8221;23px&#8221; header_2_font_size_phone=&#8221;20px&#8221; header_2_font_size_last_edited=&#8221;on|phone&#8221; global_colors_info=&#8221;{}&#8221;]<h4>About<\/h4>\n<p>Since its foundation in 1975, Fondr\u00e9my Inc. grew considerably, going from 6,000 to now 65,000 square feet. The combined forces of today\u2019s technology and our unique knowledge allowed us to become a leader in the industry of manufacturing casted pieces of aluminium and copper alloys of quality.<\/p>[\/et_pb_text][\/et_pb_column][et_pb_column type=&#8221;1_4&#8243; module_class=&#8221;custom-column-2&#8243; _builder_version=&#8221;4.17.4&#8243; _module_preset=&#8221;default&#8221; global_colors_info=&#8221;{}&#8221;][et_pb_code _builder_version=&#8221;4.17.4&#8243; _module_preset=&#8221;default&#8221; global_colors_info=&#8221;{}&#8221;]<iframe src=\"https:\/\/www.google.com\/maps\/embed?pb=!1m14!1m8!1m3!1d11197.996149848412!2d-73.272113!3d45.439599!3m2!1i1024!2i768!4f13.1!3m3!1m2!1s0x4cc9a87c5a3bd195%3A0xa182120b0a4bfdea!2s1465%20Bd%20Industriel%2C%20Chambly%2C%20QC%20J3L%204C4!5e0!3m2!1sfr!2sca!4v1652887602067!5m2!1sfr!2sca\" width=\"600\" height=\"400\" style=\"border:0;\" allowfullscreen=\"\" loading=\"lazy\" referrerpolicy=\"no-referrer-when-downgrade\"><\/iframe>[\/et_pb_code][\/et_pb_column][et_pb_column type=&#8221;1_4&#8243; module_class=&#8221;custom-column-3&#8243; _builder_version=&#8221;4.17.4&#8243; _module_preset=&#8221;default&#8221; global_colors_info=&#8221;{}&#8221;][et_pb_text _builder_version=&#8221;4.17.4&#8243; _module_preset=&#8221;default&#8221; text_font=&#8221;Lato||||||||&#8221; text_text_color=&#8221;#bfbfbf&#8221; header_2_font=&#8221;Lato|900|on||||||&#8221; header_2_text_color=&#8221;#000000&#8243; header_2_font_size=&#8221;28px&#8221; header_2_line_height=&#8221;1.2em&#8221; header_4_font=&#8221;Lato||||||||&#8221; header_4_text_color=&#8221;#FFFFFF&#8221; text_font_size_tablet=&#8221;13px&#8221; text_font_size_phone=&#8221;12px&#8221; text_font_size_last_edited=&#8221;on|phone&#8221; header_2_font_size_tablet=&#8221;23px&#8221; header_2_font_size_phone=&#8221;20px&#8221; header_2_font_size_last_edited=&#8221;on|phone&#8221; global_colors_info=&#8221;{}&#8221;]<h4>Our achievements<\/h4>[\/et_pb_text][et_pb_image src=&#8221;https:\/\/fondremy.com\/wp-content\/uploads\/2022\/05\/realisations-fond-remy.png&#8221; title_text=&#8221;realisations-fond-remy&#8221; url=&#8221;https:\/\/fondremy.com\/nos-realisation\/&#8221; url_new_window=&#8221;on&#8221; _builder_version=&#8221;4.17.4&#8243; _module_preset=&#8221;default&#8221; global_colors_info=&#8221;{}&#8221;][\/et_pb_image][\/et_pb_column][et_pb_column type=&#8221;1_4&#8243; module_class=&#8221;custom-column-4&#8243; _builder_version=&#8221;4.17.4&#8243; _module_preset=&#8221;default&#8221; global_colors_info=&#8221;{}&#8221;][et_pb_text _builder_version=&#8221;4.17.4&#8243; _module_preset=&#8221;default&#8221; text_font=&#8221;Lato||||||||&#8221; text_text_color=&#8221;#bfbfbf&#8221; link_text_color=&#8221;#7f7f7f&#8221; header_2_font=&#8221;Lato|900|on||||||&#8221; header_2_text_color=&#8221;#000000&#8243; header_2_font_size=&#8221;28px&#8221; header_2_line_height=&#8221;1.2em&#8221; header_4_font=&#8221;Lato||||||||&#8221; header_4_text_color=&#8221;#FFFFFF&#8221; text_font_size_tablet=&#8221;13px&#8221; text_font_size_phone=&#8221;12px&#8221; text_font_size_last_edited=&#8221;on|phone&#8221; header_2_font_size_tablet=&#8221;23px&#8221; header_2_font_size_phone=&#8221;20px&#8221; header_2_font_size_last_edited=&#8221;on|phone&#8221; global_colors_info=&#8221;{}&#8221;]<h4>Contact us<\/h4>\n<p>Address: <a href=\"https:\/\/goo.gl\/maps\/B14CDQYj2rALW7cf6\" target=\"_blank\" rel=\"noopener\">1465, boul. Industriel, Chambly (Qu\u00e9bec)<\/a><br><a href=\"https:\/\/goo.gl\/maps\/B14CDQYj2rALW7cf6\" target=\"_blank\" rel=\"noopener\">Canada J3L 4C4<\/a><\/p>\n<p>Phone: <a href=\"tel:14508094920\">450.809.4920<\/a><\/p>\n<p>Fax: <a href=\"tel:14506585459\">450.658.5459<\/a><\/p>\n<p><a href=\"mailto:info@fondremy.com\">info@fondremy.com<\/a><\/p>[\/et_pb_text][\/et_pb_column][\/et_pb_row][\/et_pb_section]\n\n","protected":false},"excerpt":{"rendered":"<p>About Since its foundation in 1975, Fondr\u00e9my Inc. grew considerably, going from 6,000 to now 65,000 square feet. The combined forces of today\u2019s technology and our unique knowledge allowed us to become a leader in the industry of manufacturing casted pieces of aluminium and copper alloys of quality.Our achievementsContact us Address: 1465, boul. Industriel, Chambly [&hellip;]<\/p>\n","protected":false},"author":1,"featured_media":0,"parent":0,"menu_order":0,"comment_status":"closed","ping_status":"closed","template":"","meta":{"_et_pb_use_builder":"on","_et_pb_old_content":"","_et_gb_content_width":""},"yoast_head":"<!-- This site is optimized with the Yoast SEO plugin v20.8 - https:\/\/yoast.com\/wordpress\/plugins\/seo\/ -->\n<title>Our achievements | Fondr\u00e9my - Foundry in Chambly<\/title>\n<meta name=\"description\" content=\"Check out Fondr\u00e9my&#039;s many aluminum and copper achievements. Our mission is to offer an impeccable service and result to our customers.\" \/>\n<meta name=\"robots\" content=\"index, follow, max-snippet:-1, max-image-preview:large, max-video-preview:-1\" \/>\n<link rel=\"canonical\" href=\"https:\/\/fondremy.com\/en\/our-work\/\" \/>\n<meta property=\"og:locale\" content=\"en_US\" \/>\n<meta property=\"og:type\" content=\"article\" \/>\n<meta property=\"og:title\" content=\"Our achievements | Fondr\u00e9my - Foundry in Chambly\" \/>\n<meta property=\"og:description\" content=\"Check out Fondr\u00e9my&#039;s many aluminum and copper achievements. Our mission is to offer an impeccable service and result to our customers.\" \/>\n<meta property=\"og:url\" content=\"https:\/\/fondremy.com\/en\/our-work\/\" \/>\n<meta property=\"og:site_name\" content=\"Fondr\u00e9my | Fonderie d\u2019aluminium et de cuivre | Chambly, Rive-Sud\" \/>\n<meta property=\"article:modified_time\" content=\"2024-04-04T19:50:30+00:00\" \/>\n<meta name=\"twitter:card\" content=\"summary_large_image\" \/>\n<meta name=\"twitter:label1\" content=\"Est. reading time\" \/>\n\t<meta name=\"twitter:data1\" content=\"3 minutes\" \/>\n<script type=\"application\/ld+json\" class=\"yoast-schema-graph\">{\"@context\":\"https:\/\/schema.org\",\"@graph\":[{\"@type\":\"WebPage\",\"@id\":\"https:\/\/fondremy.com\/en\/our-work\/\",\"url\":\"https:\/\/fondremy.com\/en\/our-work\/\",\"name\":\"Our achievements | Fondr\u00e9my - Foundry in Chambly\",\"isPartOf\":{\"@id\":\"https:\/\/fondremy.com\/#website\"},\"datePublished\":\"2022-08-31T20:48:32+00:00\",\"dateModified\":\"2024-04-04T19:50:30+00:00\",\"description\":\"Check out Fondr\u00e9my's many aluminum and copper achievements. Our mission is to offer an impeccable service and result to our customers.\",\"breadcrumb\":{\"@id\":\"https:\/\/fondremy.com\/en\/our-work\/#breadcrumb\"},\"inLanguage\":\"en-US\",\"potentialAction\":[{\"@type\":\"ReadAction\",\"target\":[\"https:\/\/fondremy.com\/en\/our-work\/\"]}]},{\"@type\":\"BreadcrumbList\",\"@id\":\"https:\/\/fondremy.com\/en\/our-work\/#breadcrumb\",\"itemListElement\":[{\"@type\":\"ListItem\",\"position\":1,\"name\":\"Home\",\"item\":\"https:\/\/fondremy.com\/en\/home\/\"},{\"@type\":\"ListItem\",\"position\":2,\"name\":\"Our achievements\"}]},{\"@type\":\"WebSite\",\"@id\":\"https:\/\/fondremy.com\/#website\",\"url\":\"https:\/\/fondremy.com\/\",\"name\":\"Fondr\u00e9my | Fonderie d\u2019aluminium et de cuivre | Chambly, Rive-Sud\",\"description\":\"Fondr\u00e9my est la r\u00e9f\u00e9rence dans l\u2019industrie de la fabrication de pi\u00e8ces  moul\u00e9es d\u2018alliages d\u2019aluminium et de cuivre de qualit\u00e9.\",\"potentialAction\":[{\"@type\":\"SearchAction\",\"target\":{\"@type\":\"EntryPoint\",\"urlTemplate\":\"https:\/\/fondremy.com\/?s={search_term_string}\"},\"query-input\":\"required name=search_term_string\"}],\"inLanguage\":\"en-US\"}]}<\/script>\n<!-- \/ Yoast SEO plugin. -->","yoast_head_json":{"title":"Our achievements | Fondr\u00e9my - Foundry in Chambly","description":"Check out Fondr\u00e9my's many aluminum and copper achievements. Our mission is to offer an impeccable service and result to our customers.","robots":{"index":"index","follow":"follow","max-snippet":"max-snippet:-1","max-image-preview":"max-image-preview:large","max-video-preview":"max-video-preview:-1"},"canonical":"https:\/\/fondremy.com\/en\/our-work\/","og_locale":"en_US","og_type":"article","og_title":"Our achievements | Fondr\u00e9my - Foundry in Chambly","og_description":"Check out Fondr\u00e9my's many aluminum and copper achievements. Our mission is to offer an impeccable service and result to our customers.","og_url":"https:\/\/fondremy.com\/en\/our-work\/","og_site_name":"Fondr\u00e9my | Fonderie d\u2019aluminium et de cuivre | Chambly, Rive-Sud","article_modified_time":"2024-04-04T19:50:30+00:00","twitter_card":"summary_large_image","twitter_misc":{"Est. reading time":"3 minutes"},"schema":{"@context":"https:\/\/schema.org","@graph":[{"@type":"WebPage","@id":"https:\/\/fondremy.com\/en\/our-work\/","url":"https:\/\/fondremy.com\/en\/our-work\/","name":"Our achievements | Fondr\u00e9my - Foundry in Chambly","isPartOf":{"@id":"https:\/\/fondremy.com\/#website"},"datePublished":"2022-08-31T20:48:32+00:00","dateModified":"2024-04-04T19:50:30+00:00","description":"Check out Fondr\u00e9my's many aluminum and copper achievements. Our mission is to offer an impeccable service and result to our customers.","breadcrumb":{"@id":"https:\/\/fondremy.com\/en\/our-work\/#breadcrumb"},"inLanguage":"en-US","potentialAction":[{"@type":"ReadAction","target":["https:\/\/fondremy.com\/en\/our-work\/"]}]},{"@type":"BreadcrumbList","@id":"https:\/\/fondremy.com\/en\/our-work\/#breadcrumb","itemListElement":[{"@type":"ListItem","position":1,"name":"Home","item":"https:\/\/fondremy.com\/en\/home\/"},{"@type":"ListItem","position":2,"name":"Our achievements"}]},{"@type":"WebSite","@id":"https:\/\/fondremy.com\/#website","url":"https:\/\/fondremy.com\/","name":"Fondr\u00e9my | Fonderie d\u2019aluminium et de cuivre | Chambly, Rive-Sud","description":"Fondr\u00e9my est la r\u00e9f\u00e9rence dans l\u2019industrie de la fabrication de pi\u00e8ces  moul\u00e9es d\u2018alliages d\u2019aluminium et de cuivre de qualit\u00e9.","potentialAction":[{"@type":"SearchAction","target":{"@type":"EntryPoint","urlTemplate":"https:\/\/fondremy.com\/?s={search_term_string}"},"query-input":"required name=search_term_string"}],"inLanguage":"en-US"}]}},"_links":{"self":[{"href":"https:\/\/fondremy.com\/en\/wp-json\/wp\/v2\/pages\/7172"}],"collection":[{"href":"https:\/\/fondremy.com\/en\/wp-json\/wp\/v2\/pages"}],"about":[{"href":"https:\/\/fondremy.com\/en\/wp-json\/wp\/v2\/types\/page"}],"author":[{"embeddable":true,"href":"https:\/\/fondremy.com\/en\/wp-json\/wp\/v2\/users\/1"}],"replies":[{"embeddable":true,"href":"https:\/\/fondremy.com\/en\/wp-json\/wp\/v2\/comments?post=7172"}],"version-history":[{"count":2,"href":"https:\/\/fondremy.com\/en\/wp-json\/wp\/v2\/pages\/7172\/revisions"}],"predecessor-version":[{"id":7637,"href":"https:\/\/fondremy.com\/en\/wp-json\/wp\/v2\/pages\/7172\/revisions\/7637"}],"wp:attachment":[{"href":"https:\/\/fondremy.com\/en\/wp-json\/wp\/v2\/media?parent=7172"}],"curies":[{"name":"wp","href":"https:\/\/api.w.org\/{rel}","templated":true}]}}