{"id":7624,"date":"2024-04-04T12:43:30","date_gmt":"2024-04-04T12:43:30","guid":{"rendered":"https:\/\/fondremy.com\/general-terms-and-conditions\/"},"modified":"2024-04-04T12:43:30","modified_gmt":"2024-04-04T12:43:30","slug":"general-terms-and-conditions","status":"publish","type":"page","link":"https:\/\/fondremy.com\/en\/general-terms-and-conditions\/","title":{"rendered":"General terms and conditions"},"content":{"rendered":"\n[et_pb_section fb_built=&#8221;1&#8243; custom_padding_last_edited=&#8221;on|tablet&#8221; _builder_version=&#8221;4.16&#8243; _module_preset=&#8221;default&#8221; use_background_color_gradient=&#8221;on&#8221; background_color_gradient_stops=&#8221;rgba(0,0,0,0.35) 0%|rgba(0,0,0,0.35) 100%&#8221; background_color_gradient_overlays_image=&#8221;on&#8221; background_color_gradient_start=&#8221;rgba(0,0,0,0.35)&#8221; background_color_gradient_end=&#8221;rgba(0,0,0,0.35)&#8221; background_image=&#8221;https:\/\/fondremy.com\/wp-content\/uploads\/2022\/05\/Fondremy-Hero-carriere.jpg&#8221; custom_padding_tablet=&#8221;40px||30px||false|false&#8221; custom_padding_phone=&#8221;30px||20px||false|false&#8221; locked=&#8221;off&#8221; global_colors_info=&#8221;{}&#8221;][et_pb_row _builder_version=&#8221;4.17.4&#8243; _module_preset=&#8221;default&#8221; width=&#8221;85%&#8221; max_width=&#8221;100%&#8221; custom_padding=&#8221;200px||||false|false&#8221; global_colors_info=&#8221;{}&#8221;][et_pb_column type=&#8221;4_4&#8243; _builder_version=&#8221;4.16&#8243; _module_preset=&#8221;default&#8221; global_colors_info=&#8221;{}&#8221;][et_pb_text _builder_version=&#8221;4.16&#8243; _dynamic_attributes=&#8221;content&#8221; _module_preset=&#8221;default&#8221; header_font=&#8221;Lato|700|||||||&#8221; header_text_color=&#8221;#FFFFFF&#8221; header_font_size=&#8221;40px&#8221; animation_style=&#8221;fade&#8221; header_font_size_tablet=&#8221;34px&#8221; header_font_size_phone=&#8221;30px&#8221; header_font_size_last_edited=&#8221;on|phone&#8221; global_colors_info=&#8221;{}&#8221;]@ET-DC@eyJkeW5hbWljIjp0cnVlLCJjb250ZW50IjoicG9zdF90aXRsZSIsInNldHRpbmdzIjp7ImJlZm9yZSI6IjxoMT4iLCJhZnRlciI6IjwvaDE+In19@[\/et_pb_text][\/et_pb_column][\/et_pb_row][\/et_pb_section][et_pb_section fb_built=&#8221;1&#8243; _builder_version=&#8221;4.18.0&#8243; _module_preset=&#8221;default&#8221; global_colors_info=&#8221;{}&#8221;][et_pb_row _builder_version=&#8221;4.18.0&#8243; _module_preset=&#8221;default&#8221; global_colors_info=&#8221;{}&#8221;][et_pb_column type=&#8221;4_4&#8243; _builder_version=&#8221;4.18.0&#8243; _module_preset=&#8221;default&#8221; global_colors_info=&#8221;{}&#8221;][et_pb_text _builder_version=&#8221;4.18.0&#8243; _module_preset=&#8221;default&#8221; text_font=&#8221;Lato||||||||&#8221; text_text_color=&#8221;#000000&#8243; text_font_size=&#8221;1.2em&#8221; header_2_font=&#8221;Lato|900|on||||||&#8221; header_2_text_color=&#8221;#000000&#8243; header_2_font_size=&#8221;28px&#8221; header_2_line_height=&#8221;1.2em&#8221; animation_style=&#8221;fade&#8221; hover_enabled=&#8221;0&#8243; text_font_size_tablet=&#8221;1em&#8221; text_font_size_phone=&#8221;1em&#8221; text_font_size_last_edited=&#8221;on|phone&#8221; header_2_font_size_tablet=&#8221;23px&#8221; header_2_font_size_phone=&#8221;20px&#8221; header_2_font_size_last_edited=&#8221;on|phone&#8221; global_colors_info=&#8221;{}&#8221; sticky_enabled=&#8221;0&#8243; link_text_color=&#8221;#000000&#8243;]<p>These terms and conditions govern the use of this <span>fondremy.ca<\/span> site.<br>This site is owned and operated by Fondr\u00e9my Inc.<br>By using this site, you indicate that you have read and understood the Terms of Use and agree to abide by them at all times.<\/p>\n<p>Type of site: showcase<\/p>\n<div>\n<p><strong>Intellectual property<\/strong><\/p>\n<p>All content published and made available on this site is the property of Fondr\u00e9my Inc. and its creators. This includes, but is not limited to, images, texts, logos, documents, downloadable files and anything else that contributes to the composition of this site.<\/p>\n<\/div>\n<div>\n<p><strong>Limitation of liability<\/strong><\/p>\n<p>Fondr\u00e9my Inc. or any of its employees will be held responsible for any problems arising from this site. Nevertheless, Fondr\u00e9my Inc. and its employees will not be held responsible for any problems arising from improper use of this site.<\/p>\n<\/div>\n<div>\n<p><strong>Compensation<\/strong><\/p>\n<p>As a user, you hereby indemnify Fondr\u00e9my Inc. from any and all liability, costs, causes of action, damages or expenses arising out of your use of this site or your breach of any of the provisions set forth herein.<\/p>\n<\/div>\n<div>\n<p><strong>Applicable laws<\/strong><\/p>\n<p>This document is subject to the applicable laws of Canada and is intended to comply with its necessary rules and regulations.<\/p>\n<p>For EU residents, the RGPD is the applicable law governing this document. In the event of any inconsistency between a provision of this document and the RGPD, the rules of the RGPD will take precedence.<\/p>\n<\/div>\n<div>\n<p><strong>Divisibility<\/strong><\/p>\n<p>If, at any time, any of the provisions set forth herein are deemed inconsistent or invalid under applicable law, such provisions shall be deemed null and void and shall be removed from this document. All other provisions will remain unaffected by the laws and the rest of the document will still be considered valid.<\/p>\n<\/div>\n<div>\n<p><strong>Modifications<\/strong><\/p>\n<p>These terms and conditions may be amended from time to time to maintain compliance with the law and to reflect any changes to the way we operate our site and the way we expect users to behave on our site. We recommend that our users check these terms and conditions from time to time to ensure that they are aware of any updates. If necessary, we will notify users by e-mail of changes to these conditions or post a notice on our site.<\/p>\n<\/div>\n<div>\n<p><strong>Contact<\/strong><\/p>\n<p>Please contact us if you have any questions or concerns. Our contact details are as follows:<\/p>\n<p><a href=\"tel:+1(450)%20658-7111\">(450) 658-7111<\/a><\/p>\n<p><a href=\"mailto:info@fondremy.ca\">info@fondremy.ca<\/a><br><a href=\"https:\/\/www.google.fr\/maps\/place\/Fondremy+Inc\/@45.4395759,-73.2721619,17z\/data=!3m1!4b1!4m5!3m4!1s0x4cc9a87c5c77f3a5:0x54824fcceeaeb6b9!8m2!3d45.4395265!4d-73.2722074\" target=\"_blank\" rel=\"noopener\">1465 Bd Industriel, Chambly, QC J3L 4C4<\/a><\/p>\n<\/div>\n<p>Effective <span>date: <\/span>September 19, 2022.<\/p>\n<div class=\"LDCopyright\">\n<p>&nbsp;<\/p>\n<\/div>[\/et_pb_text][\/et_pb_column][\/et_pb_row][\/et_pb_section]\n","protected":false},"excerpt":{"rendered":"<p>These terms and conditions govern the use of this fondremy.ca site.This site is owned and operated by Fondr\u00e9my Inc.By using this site, you indicate that you have read and understood the Terms of Use and agree to abide by them at all times. Type of site: showcase Intellectual property All content published and made available [&hellip;]<\/p>\n","protected":false},"author":1,"featured_media":0,"parent":0,"menu_order":0,"comment_status":"closed","ping_status":"closed","template":"","meta":{"_et_pb_use_builder":"on","_et_pb_old_content":"","_et_gb_content_width":""},"yoast_head":"<!-- This site is optimized with the Yoast SEO plugin v20.8 - https:\/\/yoast.com\/wordpress\/plugins\/seo\/ -->\n<title>Terms and conditions | Fondr\u00e9my<\/title>\n<meta name=\"description\" content=\"Fondr\u00e9my is a Chambly-based foundry specializing in aluminum and copper alloy casting. See our general conditions\" \/>\n<meta name=\"robots\" content=\"index, follow, max-snippet:-1, max-image-preview:large, max-video-preview:-1\" \/>\n<link rel=\"canonical\" href=\"https:\/\/fondremy.com\/en\/general-terms-and-conditions\/\" \/>\n<meta property=\"og:locale\" content=\"en_US\" \/>\n<meta property=\"og:type\" content=\"article\" \/>\n<meta property=\"og:title\" content=\"Terms and conditions | Fondr\u00e9my\" \/>\n<meta property=\"og:description\" content=\"Fondr\u00e9my is a Chambly-based foundry specializing in aluminum and copper alloy casting. See our general conditions\" \/>\n<meta property=\"og:url\" content=\"https:\/\/fondremy.com\/en\/general-terms-and-conditions\/\" \/>\n<meta property=\"og:site_name\" content=\"Fondr\u00e9my | Fonderie d\u2019aluminium et de cuivre | Chambly, Rive-Sud\" \/>\n<meta name=\"twitter:card\" content=\"summary_large_image\" \/>\n<meta name=\"twitter:label1\" content=\"Est. reading time\" \/>\n\t<meta name=\"twitter:data1\" content=\"4 minutes\" \/>\n<script type=\"application\/ld+json\" class=\"yoast-schema-graph\">{\"@context\":\"https:\/\/schema.org\",\"@graph\":[{\"@type\":\"WebPage\",\"@id\":\"https:\/\/fondremy.com\/en\/general-terms-and-conditions\/\",\"url\":\"https:\/\/fondremy.com\/en\/general-terms-and-conditions\/\",\"name\":\"Terms and conditions | Fondr\u00e9my\",\"isPartOf\":{\"@id\":\"https:\/\/fondremy.com\/#website\"},\"datePublished\":\"2024-04-04T12:43:30+00:00\",\"dateModified\":\"2024-04-04T12:43:30+00:00\",\"description\":\"Fondr\u00e9my is a Chambly-based foundry specializing in aluminum and copper alloy casting. See our general conditions\",\"breadcrumb\":{\"@id\":\"https:\/\/fondremy.com\/en\/general-terms-and-conditions\/#breadcrumb\"},\"inLanguage\":\"en-US\",\"potentialAction\":[{\"@type\":\"ReadAction\",\"target\":[\"https:\/\/fondremy.com\/en\/general-terms-and-conditions\/\"]}]},{\"@type\":\"BreadcrumbList\",\"@id\":\"https:\/\/fondremy.com\/en\/general-terms-and-conditions\/#breadcrumb\",\"itemListElement\":[{\"@type\":\"ListItem\",\"position\":1,\"name\":\"Home\",\"item\":\"https:\/\/fondremy.com\/en\/home\/\"},{\"@type\":\"ListItem\",\"position\":2,\"name\":\"General terms and conditions\"}]},{\"@type\":\"WebSite\",\"@id\":\"https:\/\/fondremy.com\/#website\",\"url\":\"https:\/\/fondremy.com\/\",\"name\":\"Fondr\u00e9my | Fonderie d\u2019aluminium et de cuivre | Chambly, Rive-Sud\",\"description\":\"Fondr\u00e9my est la r\u00e9f\u00e9rence dans l\u2019industrie de la fabrication de pi\u00e8ces  moul\u00e9es d\u2018alliages d\u2019aluminium et de cuivre de qualit\u00e9.\",\"potentialAction\":[{\"@type\":\"SearchAction\",\"target\":{\"@type\":\"EntryPoint\",\"urlTemplate\":\"https:\/\/fondremy.com\/?s={search_term_string}\"},\"query-input\":\"required name=search_term_string\"}],\"inLanguage\":\"en-US\"}]}<\/script>\n<!-- \/ Yoast SEO plugin. -->","yoast_head_json":{"title":"Terms and conditions | Fondr\u00e9my","description":"Fondr\u00e9my is a Chambly-based foundry specializing in aluminum and copper alloy casting. See our general conditions","robots":{"index":"index","follow":"follow","max-snippet":"max-snippet:-1","max-image-preview":"max-image-preview:large","max-video-preview":"max-video-preview:-1"},"canonical":"https:\/\/fondremy.com\/en\/general-terms-and-conditions\/","og_locale":"en_US","og_type":"article","og_title":"Terms and conditions | Fondr\u00e9my","og_description":"Fondr\u00e9my is a Chambly-based foundry specializing in aluminum and copper alloy casting. See our general conditions","og_url":"https:\/\/fondremy.com\/en\/general-terms-and-conditions\/","og_site_name":"Fondr\u00e9my | Fonderie d\u2019aluminium et de cuivre | Chambly, Rive-Sud","twitter_card":"summary_large_image","twitter_misc":{"Est. reading time":"4 minutes"},"schema":{"@context":"https:\/\/schema.org","@graph":[{"@type":"WebPage","@id":"https:\/\/fondremy.com\/en\/general-terms-and-conditions\/","url":"https:\/\/fondremy.com\/en\/general-terms-and-conditions\/","name":"Terms and conditions | Fondr\u00e9my","isPartOf":{"@id":"https:\/\/fondremy.com\/#website"},"datePublished":"2024-04-04T12:43:30+00:00","dateModified":"2024-04-04T12:43:30+00:00","description":"Fondr\u00e9my is a Chambly-based foundry specializing in aluminum and copper alloy casting. See our general conditions","breadcrumb":{"@id":"https:\/\/fondremy.com\/en\/general-terms-and-conditions\/#breadcrumb"},"inLanguage":"en-US","potentialAction":[{"@type":"ReadAction","target":["https:\/\/fondremy.com\/en\/general-terms-and-conditions\/"]}]},{"@type":"BreadcrumbList","@id":"https:\/\/fondremy.com\/en\/general-terms-and-conditions\/#breadcrumb","itemListElement":[{"@type":"ListItem","position":1,"name":"Home","item":"https:\/\/fondremy.com\/en\/home\/"},{"@type":"ListItem","position":2,"name":"General terms and conditions"}]},{"@type":"WebSite","@id":"https:\/\/fondremy.com\/#website","url":"https:\/\/fondremy.com\/","name":"Fondr\u00e9my | Fonderie d\u2019aluminium et de cuivre | Chambly, Rive-Sud","description":"Fondr\u00e9my est la r\u00e9f\u00e9rence dans l\u2019industrie de la fabrication de pi\u00e8ces  moul\u00e9es d\u2018alliages d\u2019aluminium et de cuivre de qualit\u00e9.","potentialAction":[{"@type":"SearchAction","target":{"@type":"EntryPoint","urlTemplate":"https:\/\/fondremy.com\/?s={search_term_string}"},"query-input":"required name=search_term_string"}],"inLanguage":"en-US"}]}},"_links":{"self":[{"href":"https:\/\/fondremy.com\/en\/wp-json\/wp\/v2\/pages\/7624"}],"collection":[{"href":"https:\/\/fondremy.com\/en\/wp-json\/wp\/v2\/pages"}],"about":[{"href":"https:\/\/fondremy.com\/en\/wp-json\/wp\/v2\/types\/page"}],"author":[{"embeddable":true,"href":"https:\/\/fondremy.com\/en\/wp-json\/wp\/v2\/users\/1"}],"replies":[{"embeddable":true,"href":"https:\/\/fondremy.com\/en\/wp-json\/wp\/v2\/comments?post=7624"}],"version-history":[{"count":0,"href":"https:\/\/fondremy.com\/en\/wp-json\/wp\/v2\/pages\/7624\/revisions"}],"wp:attachment":[{"href":"https:\/\/fondremy.com\/en\/wp-json\/wp\/v2\/media?parent=7624"}],"curies":[{"name":"wp","href":"https:\/\/api.w.org\/{rel}","templated":true}]}}