{"id":7625,"date":"2024-04-04T12:43:35","date_gmt":"2024-04-04T12:43:35","guid":{"rendered":"https:\/\/fondremy.com\/privacy-policy\/"},"modified":"2024-04-04T12:43:35","modified_gmt":"2024-04-04T12:43:35","slug":"privacy-policy","status":"publish","type":"page","link":"https:\/\/fondremy.com\/en\/privacy-policy\/","title":{"rendered":"Privacy policy"},"content":{"rendered":"\n[et_pb_section fb_built=&#8221;1&#8243; custom_padding_last_edited=&#8221;on|tablet&#8221; _builder_version=&#8221;4.16&#8243; _module_preset=&#8221;default&#8221; use_background_color_gradient=&#8221;on&#8221; background_color_gradient_stops=&#8221;rgba(0,0,0,0.35) 0%|rgba(0,0,0,0.35) 100%&#8221; background_color_gradient_overlays_image=&#8221;on&#8221; background_color_gradient_start=&#8221;rgba(0,0,0,0.35)&#8221; background_color_gradient_end=&#8221;rgba(0,0,0,0.35)&#8221; background_image=&#8221;https:\/\/fondremy.com\/wp-content\/uploads\/2022\/05\/Fondremy-Hero-carriere.jpg&#8221; custom_padding_tablet=&#8221;40px||30px||false|false&#8221; custom_padding_phone=&#8221;30px||20px||false|false&#8221; locked=&#8221;off&#8221; global_colors_info=&#8221;{}&#8221;][et_pb_row _builder_version=&#8221;4.17.4&#8243; _module_preset=&#8221;default&#8221; width=&#8221;85%&#8221; max_width=&#8221;100%&#8221; custom_padding=&#8221;200px||||false|false&#8221; global_colors_info=&#8221;{}&#8221;][et_pb_column type=&#8221;4_4&#8243; _builder_version=&#8221;4.16&#8243; _module_preset=&#8221;default&#8221; global_colors_info=&#8221;{}&#8221;][et_pb_text _builder_version=&#8221;4.16&#8243; _dynamic_attributes=&#8221;content&#8221; _module_preset=&#8221;default&#8221; header_font=&#8221;Lato|700|||||||&#8221; header_text_color=&#8221;#FFFFFF&#8221; header_font_size=&#8221;40px&#8221; animation_style=&#8221;fade&#8221; header_font_size_tablet=&#8221;34px&#8221; header_font_size_phone=&#8221;30px&#8221; header_font_size_last_edited=&#8221;on|phone&#8221; global_colors_info=&#8221;{}&#8221;]@ET-DC@eyJkeW5hbWljIjp0cnVlLCJjb250ZW50IjoicG9zdF90aXRsZSIsInNldHRpbmdzIjp7ImJlZm9yZSI6IjxoMT4iLCJhZnRlciI6IjwvaDE+In19@[\/et_pb_text][\/et_pb_column][\/et_pb_row][\/et_pb_section][et_pb_section fb_built=&#8221;1&#8243; _builder_version=&#8221;4.18.0&#8243; _module_preset=&#8221;default&#8221; global_colors_info=&#8221;{}&#8221;][et_pb_row _builder_version=&#8221;4.18.0&#8243; _module_preset=&#8221;default&#8221; global_colors_info=&#8221;{}&#8221;][et_pb_column type=&#8221;4_4&#8243; _builder_version=&#8221;4.18.0&#8243; _module_preset=&#8221;default&#8221; global_colors_info=&#8221;{}&#8221;][et_pb_text _builder_version=&#8221;4.18.0&#8243; _module_preset=&#8221;default&#8221; text_font=&#8221;Lato||||||||&#8221; text_text_color=&#8221;#000000&#8243; text_font_size=&#8221;1.2em&#8221; header_2_font=&#8221;Lato|900|on||||||&#8221; header_2_text_color=&#8221;#000000&#8243; header_2_font_size=&#8221;28px&#8221; header_2_line_height=&#8221;1.2em&#8221; animation_style=&#8221;fade&#8221; hover_enabled=&#8221;0&#8243; text_font_size_tablet=&#8221;1em&#8221; text_font_size_phone=&#8221;1em&#8221; text_font_size_last_edited=&#8221;on|phone&#8221; header_2_font_size_tablet=&#8221;23px&#8221; header_2_font_size_phone=&#8221;20px&#8221; header_2_font_size_last_edited=&#8221;on|phone&#8221; global_colors_info=&#8221;{}&#8221; link_text_color=&#8221;#000000&#8243; sticky_enabled=&#8221;0&#8243;]<div>\n<p><strong>The purpose of this privacy policy  <\/strong><\/p>\n<p>The purpose of this privacy policy is to inform users of our site of the personal data we will collect and the following information, where applicable:<\/p>\n<ol start=\"1\">\n<li value=\"1\"><span>The personal data we collect<\/span><span><br><\/span><\/li>\n<li value=\"2\"><span>Use of collected data<\/span><span><br><\/span><\/li>\n<li value=\"3\"><span>Who has access to the data collected<\/span><span><br><\/span><\/li>\n<li value=\"4\"><span>Site users&#8217; rights<\/span><span><br><\/span><\/li>\n<li value=\"5\"><span>Site cookie policy<\/span><span><br><\/span><\/li>\n<\/ol>\n<p>This privacy policy operates in parallel with the general terms and conditions of use of our site.<\/p>\n<\/div>\n<div>\n<p><strong>Applicable laws<\/strong><\/p>\n<p>This policy complies with the laws set out in the <span>Personal Information Protection and Electronic Documents Act<\/span> (PIPEDA).<\/p>\n<p>For residents of EU countries, the <span>General Data Protection Regulation<\/span> (GDPR) governs all data protection policies, regardless of where the site is located. This privacy policy is intended to comply with the GDPR. If there are any inconsistencies between this policy and the GDPR, the GDPR will apply.<\/p>\n<p>For residents of the State of California, this privacy policy is intended to comply with the <span>California Consumer Privacy Act (CCPA<\/span>). If there are any inconsistencies between this document and the <span>CCPA<\/span>, state legislation will apply. If we find any inconsistencies, we will amend our policy to comply with the relevant law.<\/p>\n<\/div>\n<div>\n<p><strong>Consent<\/strong><\/p>\n<p>Users agree that by using our site, they consent to :<\/p>\n<ol start=\"1\">\n<li value=\"1\"><span>the conditions set out in this privacy policy, and<\/span><span><br><\/span><\/li>\n<li value=\"2\"><span>the collection, use and storage of the data listed in this policy.<\/span><span><br><\/span><\/li>\n<\/ol>\n<\/div>\n<div>\n<p><strong>Personal data we collect<\/strong><\/p>\n<div>\n<div>\n<p><span>Automatically collected data<\/span><\/p>\n<p>When you visit and use our site, we may automatically collect and store the following information:<\/p>\n<ol start=\"1\">\n<li value=\"1\"><span>IP address<\/span><span><br><\/span><\/li>\n<li value=\"2\"><span>Location<\/span><span><br><\/span><\/li>\n<li value=\"3\"><span>Links a user clicks while using the site<\/span><span><br><\/span><\/li>\n<li value=\"4\"><span>Content that users consult on your site<\/span><span><br><\/span><\/li>\n<\/ol>\n<\/div>\n<div>\n<p><span>Data collected non-automatically<\/span><\/p>\n<p>We may also collect the following data when you perform certain functions on our site:<\/p>\n<ol start=\"1\">\n<li value=\"1\"><span>First and last name<\/span><span><br><\/span><\/li>\n<li value=\"2\"><span>Age<\/span><span><br><\/span><\/li>\n<li value=\"3\"><span>Gender<\/span><span><br><\/span><\/li>\n<li value=\"4\"><span>Email<\/span><span><br><\/span><\/li>\n<li value=\"5\"><span>Phone number<\/span><span><br><\/span><\/li>\n<li value=\"6\"><span>Automatic filling data<\/span><span><br><\/span><\/li>\n<\/ol>\n<p>This data can be collected using the following methods:<\/p>\n<p>Send contact form<\/p>\n<\/div>\n<p>Please note that we only collect data that helps us achieve the purpose stated in this privacy policy. We will not collect any additional data without informing you in advance.<\/p>\n<\/div>\n<\/div>\n<div>\n<p><span>How we use personal data<\/span><\/p>\n<p>Personal data collected on our site will only be used for the purposes specified in this policy or indicated on the relevant pages of our site. We will not use your data beyond what we disclose.<\/p>\n<div>\n<p>The data we automatically collect is used for the following purposes:<\/p>\n<ol start=\"1\">\n<li value=\"1\"><span>Statistics<\/span><span><br><\/span><\/li>\n<\/ol>\n<\/div>\n<div>\n<p>The data we collect when the user performs certain functions may be used for the following purposes:<\/p>\n<ol start=\"1\">\n<li value=\"1\"><span>Communication<\/span><span><br><\/span><\/li>\n<\/ol>\n<\/div>\n<\/div>\n<div>\n<p><strong>With whom we share personal data<\/strong><\/p>\n<div>\n<p><span>Employees<\/span><br>We may disclose to any member of our organization such user data as is reasonably necessary to carry out the purposes set out in this policy.<\/p>\n<\/div>\n<div>\n<p><span>Third parties<\/span><br>We may share user data with the following third parties:<\/p>\n<ol start=\"1\">\n<li value=\"1\"><span>LB Agency<\/span><span><br><\/span><\/li>\n<\/ol>\n<p>We may share user data with third parties for the following purposes:<\/p>\n<ol start=\"1\">\n<li value=\"1\"><span>Data provided by Google Analytics<\/span><span><br><\/span><\/li>\n<\/ol>\n<p>Third parties will not be able to access user data beyond what is reasonably necessary to achieve the given purpose.<\/p>\n<\/div>\n<div>\n<p><span>Other disclosures<\/span><br>We undertake not to sell or share your data with other third parties, except in the following cases:<\/p>\n<ol start=\"1\">\n<li value=\"1\"><span>if required by law<\/span><span><br><\/span><\/li>\n<li value=\"2\"><span>if required for any legal proceedings<\/span><span><br><\/span><\/li>\n<li value=\"3\"><span>to prove or protect our legal rights<\/span><span><br><\/span><\/li>\n<li value=\"4\"><span>to purchasers or potential purchasers of this company in the event that we seek to sell the company<\/span><span><br><\/span><\/li>\n<\/ol>\n<p>If you follow hyperlinks from our site to another site, please note that we are not responsible for and have no control over their privacy policies and practices.<\/p>\n<\/div>\n<\/div>\n<div>\n<p><strong>How long we store personal data<\/strong><\/p>\n<p>We do not retain user data beyond what is necessary to achieve the purposes for which it is collected.<\/p>\n<\/div>\n<div>\n<p><strong>How we protect your personal data<\/strong><\/p>\n<p>In order to protect your security, we use transport layer security protocol to transmit personal information within our system.<\/p>\n<p>All data stored in our system is well secured and accessible only to our employees. Our employees are bound by strict confidentiality agreements and a breach of this agreement would result in the employee&#8217;s dismissal.<\/p>\n<p>While we take every reasonable precaution to ensure that our user data is secure and that users are protected, there is always a risk of harm. The Internet as a whole can be, at times, insecure, and so we are unable to guarantee the security of user data beyond what is reasonably practical.<\/p>\n<\/div>\n<div>\n<p><strong>Minors<\/strong><\/p>\n<p>For EU residents, the GDPR specifies that people under the age of 15 are considered minors for the purposes of data collection. Minors must have the consent of a legal representative for their data to be collected, processed and used.<\/p>\n<\/div>\n<div>\n<p><span>Your rights as a user<\/span><\/p>\n<p>As a user, you have the right to access all your personal data that we have collected. In addition, you have the right to update or correct any personal data in our possession provided it is acceptable under the law.<\/p>\n<p>You may choose to withdraw or modify your consent to the collection and use of data at any time, provided that it is legally acceptable to do so and that you have informed us within a reasonable period of time.<\/p>\n<\/div>\n<div>\n<p><strong>How to modify, delete or contest collected data<\/strong><\/p>\n<p>If you wish to have your information deleted or modified in any way, please contact our Privacy Officer here :<\/p>\n<p>Francis Lemair<br>1465, boul. Industrial, Chambly (Qu\u00e9bec) Canada J3L 4C4<br>info@fondremy.ca<br>(450) 658-7111<\/p>\n<\/div>\n<div>\n<p><strong>Cookie policy<\/strong><\/p>\n<p>A cookie is a small file stored on a user&#8217;s hard disk by the website. Its purpose is to collect data relating to the user&#8217;s browsing habits.<\/p>\n<p>We use the following types of cookies on our site:<\/p>\n<ol start=\"1\">\n<li value=\"1\"><span>Functional cookies<\/span><br>We use them to memorize all the selections you make on our site so that they can be saved for future visits.<span><br><\/span><\/li>\n<li value=\"2\"><span>Analytical cookies<\/span><br>This allows us to improve the design and functionality of our site by collecting data on the content you access and engage with while using our site.<span><br><\/span><\/li>\n<li value=\"3\"><span>Targeting cookies<\/span><br>These cookies collect data on how you use the site and your preferences. This allows us to make the information you see on our site more promotional and targeted to you.<span><\/span><br><span><br><\/span><\/li>\n<\/ol>\n<p>You can choose to be notified each time a cookie is sent. You can also choose to disable cookies entirely in your web browser, but this may reduce the quality of your user experience.<\/p>\n<\/div>\n<div>\n<p><strong>Third-party cookies<\/strong><\/p>\n<p>We may use third-party cookies on our site for the following purposes:<\/p>\n<ol start=\"1\">\n<li value=\"1\"><span>Monitor user preferences to tailor ads around their interests.<\/span><span><br><\/span><\/li>\n<\/ol>\n<\/div>\n<div>\n<p><strong>Modifications<\/strong><\/p>\n<p>This Privacy Policy may be amended from time to time to maintain compliance with the law and to reflect any changes to our data collection process. We recommend that our users check our policy from time to time to ensure that they are aware of any updates. If necessary, we may notify users by e-mail of changes to this policy.<\/p>\n<\/div>\n<div>\n<p><strong>Contact<\/strong><\/p>\n<p>If you have any questions, please do not hesitate to contact us by using the following form:<br><a href=\"tel:+1(450)%20658-7111\">(450) 658-7111<\/a><br><a href=\"mailto:info@fondremy.com\">info@fondremy.com<\/a><br><a href=\"https:\/\/www.google.fr\/maps\/place\/Fondremy+Inc\/@45.4395759,-73.2721619,17z\/data=!3m1!4b1!4m5!3m4!1s0x4cc9a87c5c77f3a5:0x54824fcceeaeb6b9!8m2!3d45.4395265!4d-73.2722074\">1465, boul. Industrial, Chambly (Qu\u00e9bec) Canada J3L 4C4<\/a><\/p>\n<\/div>\n<p>Effective <span>date: <\/span>September 19, 2022<\/p>[\/et_pb_text][\/et_pb_column][\/et_pb_row][\/et_pb_section]\n","protected":false},"excerpt":{"rendered":"<p>The purpose of this privacy policy The purpose of this privacy policy is to inform users of our site of the personal data we will collect and the following information, where applicable: The personal data we collect Use of collected data Who has access to the data collected Site users&#8217; rights Site cookie policy This [&hellip;]<\/p>\n","protected":false},"author":1,"featured_media":0,"parent":0,"menu_order":0,"comment_status":"closed","ping_status":"closed","template":"","meta":{"_et_pb_use_builder":"on","_et_pb_old_content":"","_et_gb_content_width":""},"yoast_head":"<!-- This site is optimized with the Yoast SEO plugin v20.8 - https:\/\/yoast.com\/wordpress\/plugins\/seo\/ -->\n<title>Privacy policy | Fondr\u00e9my - Fonderie Chambly<\/title>\n<meta name=\"description\" content=\"Fondr\u00e9my is a Chambly-based foundry specializing in aluminum and copper alloy casting. See our privacy policy\" \/>\n<meta name=\"robots\" content=\"index, follow, max-snippet:-1, max-image-preview:large, max-video-preview:-1\" \/>\n<link rel=\"canonical\" href=\"https:\/\/fondremy.com\/en\/privacy-policy\/\" \/>\n<meta property=\"og:locale\" content=\"en_US\" \/>\n<meta property=\"og:type\" content=\"article\" \/>\n<meta property=\"og:title\" content=\"Privacy policy | Fondr\u00e9my - Fonderie Chambly\" \/>\n<meta property=\"og:description\" content=\"Fondr\u00e9my is a Chambly-based foundry specializing in aluminum and copper alloy casting. See our privacy policy\" \/>\n<meta property=\"og:url\" content=\"https:\/\/fondremy.com\/en\/privacy-policy\/\" \/>\n<meta property=\"og:site_name\" content=\"Fondr\u00e9my | Fonderie d\u2019aluminium et de cuivre | Chambly, Rive-Sud\" \/>\n<meta name=\"twitter:card\" content=\"summary_large_image\" \/>\n<meta name=\"twitter:label1\" content=\"Est. reading time\" \/>\n\t<meta name=\"twitter:data1\" content=\"7 minutes\" \/>\n<script type=\"application\/ld+json\" class=\"yoast-schema-graph\">{\"@context\":\"https:\/\/schema.org\",\"@graph\":[{\"@type\":\"WebPage\",\"@id\":\"https:\/\/fondremy.com\/en\/privacy-policy\/\",\"url\":\"https:\/\/fondremy.com\/en\/privacy-policy\/\",\"name\":\"Privacy policy | Fondr\u00e9my - Fonderie Chambly\",\"isPartOf\":{\"@id\":\"https:\/\/fondremy.com\/#website\"},\"datePublished\":\"2024-04-04T12:43:35+00:00\",\"dateModified\":\"2024-04-04T12:43:35+00:00\",\"description\":\"Fondr\u00e9my is a Chambly-based foundry specializing in aluminum and copper alloy casting. See our privacy policy\",\"breadcrumb\":{\"@id\":\"https:\/\/fondremy.com\/en\/privacy-policy\/#breadcrumb\"},\"inLanguage\":\"en-US\",\"potentialAction\":[{\"@type\":\"ReadAction\",\"target\":[\"https:\/\/fondremy.com\/en\/privacy-policy\/\"]}]},{\"@type\":\"BreadcrumbList\",\"@id\":\"https:\/\/fondremy.com\/en\/privacy-policy\/#breadcrumb\",\"itemListElement\":[{\"@type\":\"ListItem\",\"position\":1,\"name\":\"Home\",\"item\":\"https:\/\/fondremy.com\/en\/home\/\"},{\"@type\":\"ListItem\",\"position\":2,\"name\":\"Privacy policy\"}]},{\"@type\":\"WebSite\",\"@id\":\"https:\/\/fondremy.com\/#website\",\"url\":\"https:\/\/fondremy.com\/\",\"name\":\"Fondr\u00e9my | Fonderie d\u2019aluminium et de cuivre | Chambly, Rive-Sud\",\"description\":\"Fondr\u00e9my est la r\u00e9f\u00e9rence dans l\u2019industrie de la fabrication de pi\u00e8ces  moul\u00e9es d\u2018alliages d\u2019aluminium et de cuivre de qualit\u00e9.\",\"potentialAction\":[{\"@type\":\"SearchAction\",\"target\":{\"@type\":\"EntryPoint\",\"urlTemplate\":\"https:\/\/fondremy.com\/?s={search_term_string}\"},\"query-input\":\"required name=search_term_string\"}],\"inLanguage\":\"en-US\"}]}<\/script>\n<!-- \/ Yoast SEO plugin. -->","yoast_head_json":{"title":"Privacy policy | Fondr\u00e9my - Fonderie Chambly","description":"Fondr\u00e9my is a Chambly-based foundry specializing in aluminum and copper alloy casting. See our privacy policy","robots":{"index":"index","follow":"follow","max-snippet":"max-snippet:-1","max-image-preview":"max-image-preview:large","max-video-preview":"max-video-preview:-1"},"canonical":"https:\/\/fondremy.com\/en\/privacy-policy\/","og_locale":"en_US","og_type":"article","og_title":"Privacy policy | Fondr\u00e9my - Fonderie Chambly","og_description":"Fondr\u00e9my is a Chambly-based foundry specializing in aluminum and copper alloy casting. See our privacy policy","og_url":"https:\/\/fondremy.com\/en\/privacy-policy\/","og_site_name":"Fondr\u00e9my | Fonderie d\u2019aluminium et de cuivre | Chambly, Rive-Sud","twitter_card":"summary_large_image","twitter_misc":{"Est. reading time":"7 minutes"},"schema":{"@context":"https:\/\/schema.org","@graph":[{"@type":"WebPage","@id":"https:\/\/fondremy.com\/en\/privacy-policy\/","url":"https:\/\/fondremy.com\/en\/privacy-policy\/","name":"Privacy policy | Fondr\u00e9my - Fonderie Chambly","isPartOf":{"@id":"https:\/\/fondremy.com\/#website"},"datePublished":"2024-04-04T12:43:35+00:00","dateModified":"2024-04-04T12:43:35+00:00","description":"Fondr\u00e9my is a Chambly-based foundry specializing in aluminum and copper alloy casting. See our privacy policy","breadcrumb":{"@id":"https:\/\/fondremy.com\/en\/privacy-policy\/#breadcrumb"},"inLanguage":"en-US","potentialAction":[{"@type":"ReadAction","target":["https:\/\/fondremy.com\/en\/privacy-policy\/"]}]},{"@type":"BreadcrumbList","@id":"https:\/\/fondremy.com\/en\/privacy-policy\/#breadcrumb","itemListElement":[{"@type":"ListItem","position":1,"name":"Home","item":"https:\/\/fondremy.com\/en\/home\/"},{"@type":"ListItem","position":2,"name":"Privacy policy"}]},{"@type":"WebSite","@id":"https:\/\/fondremy.com\/#website","url":"https:\/\/fondremy.com\/","name":"Fondr\u00e9my | Fonderie d\u2019aluminium et de cuivre | Chambly, Rive-Sud","description":"Fondr\u00e9my est la r\u00e9f\u00e9rence dans l\u2019industrie de la fabrication de pi\u00e8ces  moul\u00e9es d\u2018alliages d\u2019aluminium et de cuivre de qualit\u00e9.","potentialAction":[{"@type":"SearchAction","target":{"@type":"EntryPoint","urlTemplate":"https:\/\/fondremy.com\/?s={search_term_string}"},"query-input":"required name=search_term_string"}],"inLanguage":"en-US"}]}},"_links":{"self":[{"href":"https:\/\/fondremy.com\/en\/wp-json\/wp\/v2\/pages\/7625"}],"collection":[{"href":"https:\/\/fondremy.com\/en\/wp-json\/wp\/v2\/pages"}],"about":[{"href":"https:\/\/fondremy.com\/en\/wp-json\/wp\/v2\/types\/page"}],"author":[{"embeddable":true,"href":"https:\/\/fondremy.com\/en\/wp-json\/wp\/v2\/users\/1"}],"replies":[{"embeddable":true,"href":"https:\/\/fondremy.com\/en\/wp-json\/wp\/v2\/comments?post=7625"}],"version-history":[{"count":0,"href":"https:\/\/fondremy.com\/en\/wp-json\/wp\/v2\/pages\/7625\/revisions"}],"wp:attachment":[{"href":"https:\/\/fondremy.com\/en\/wp-json\/wp\/v2\/media?parent=7625"}],"curies":[{"name":"wp","href":"https:\/\/api.w.org\/{rel}","templated":true}]}}