{"id":7629,"date":"2024-04-04T12:44:03","date_gmt":"2024-04-04T12:44:03","guid":{"rendered":"https:\/\/fondremy.com\/career\/permanent-mold-supervisor\/"},"modified":"2024-04-04T12:44:03","modified_gmt":"2024-04-04T12:44:03","slug":"permanent-mold-supervisor","status":"publish","type":"page","link":"https:\/\/fondremy.com\/en\/career\/permanent-mold-supervisor\/","title":{"rendered":"Permanent mold supervisor"},"content":{"rendered":"<p>[et_pb_section fb_built=&#8221;1&#8243; custom_padding_last_edited=&#8221;on|tablet&#8221; _builder_version=&#8221;4.16&#8243; _module_preset=&#8221;default&#8221; use_background_color_gradient=&#8221;on&#8221; background_color_gradient_stops=&#8221;rgba(0,0,0,0.35) 0%|rgba(0,0,0,0.35) 100%&#8221; background_color_gradient_overlays_image=&#8221;on&#8221; background_color_gradient_start=&#8221;rgba(0,0,0,0.35)&#8221; background_color_gradient_end=&#8221;rgba(0,0,0,0.35)&#8221; background_image=&#8221;https:\/\/fondremy.com\/wp-content\/uploads\/2022\/05\/Fondremy-Hero-carriere.jpg&#8221; custom_padding_tablet=&#8221;40px||30px||false|false&#8221; custom_padding_phone=&#8221;30px||20px||false|false&#8221; locked=&#8221;off&#8221; global_colors_info=&#8221;{}&#8221; theme_builder_area=&#8221;post_content&#8221;][et_pb_row _builder_version=&#8221;4.17.4&#8243; _module_preset=&#8221;default&#8221; width=&#8221;85%&#8221; max_width=&#8221;100%&#8221; custom_padding=&#8221;200px||||false|false&#8221; global_colors_info=&#8221;{}&#8221; theme_builder_area=&#8221;post_content&#8221;][et_pb_column type=&#8221;4_4&#8243; _builder_version=&#8221;4.16&#8243; _module_preset=&#8221;default&#8221; global_colors_info=&#8221;{}&#8221; theme_builder_area=&#8221;post_content&#8221;][et_pb_text _builder_version=&#8221;4.16&#8243; _dynamic_attributes=&#8221;content&#8221; _module_preset=&#8221;default&#8221; header_font=&#8221;Lato|700|||||||&#8221; header_text_color=&#8221;#FFFFFF&#8221; header_font_size=&#8221;60px&#8221; animation_style=&#8221;fade&#8221; header_font_size_tablet=&#8221;52px&#8221; header_font_size_phone=&#8221;45px&#8221; header_font_size_last_edited=&#8221;on|phone&#8221; global_colors_info=&#8221;{}&#8221; theme_builder_area=&#8221;post_content&#8221;]@ET-DC@eyJkeW5hbWljIjp0cnVlLCJjb250ZW50IjoicG9zdF90aXRsZSIsInNldHRpbmdzIjp7ImJlZm9yZSI6IjxoMT4iLCJhZnRlciI6IjwvaDE+In19@[\/et_pb_text][\/et_pb_column][\/et_pb_row][\/et_pb_section][et_pb_section fb_built=&#8221;1&#8243; custom_padding_last_edited=&#8221;on|phone&#8221; _builder_version=&#8221;4.17.4&#8243; _module_preset=&#8221;default&#8221; custom_padding=&#8221;25px||25px||false|false&#8221; custom_padding_tablet=&#8221;15px||15px||true|false&#8221; custom_padding_phone=&#8221;15px||15px||true|false&#8221; locked=&#8221;off&#8221; global_colors_info=&#8221;{}&#8221; theme_builder_area=&#8221;post_content&#8221;][et_pb_row make_equal=&#8221;on&#8221; _builder_version=&#8221;4.17.4&#8243; _module_preset=&#8221;default&#8221; custom_css_main_element=&#8221;align-items: center;&#8221; global_colors_info=&#8221;{}&#8221; theme_builder_area=&#8221;post_content&#8221;][et_pb_column type=&#8221;4_4&#8243; _builder_version=&#8221;4.16&#8243; _module_preset=&#8221;default&#8221; global_colors_info=&#8221;{}&#8221; theme_builder_area=&#8221;post_content&#8221;][et_pb_text _builder_version=&#8221;4.21.0&#8243; _module_preset=&#8221;default&#8221; text_font=&#8221;Lato||||||||&#8221; text_text_color=&#8221;#000000&#8243; text_font_size=&#8221;1.2em&#8221; text_line_height=&#8221;1.8em&#8221; link_text_color=&#8221;#000000&#8243; header_2_font=&#8221;Lato|900|on||||||&#8221; header_2_text_color=&#8221;#000000&#8243; header_2_font_size=&#8221;28px&#8221; header_2_line_height=&#8221;1.2em&#8221; animation_style=&#8221;fade&#8221; hover_enabled=&#8221;0&#8243; text_font_size_tablet=&#8221;1em&#8221; text_font_size_phone=&#8221;1em&#8221; text_font_size_last_edited=&#8221;on|phone&#8221; header_2_font_size_tablet=&#8221;23px&#8221; header_2_font_size_phone=&#8221;20px&#8221; header_2_font_size_last_edited=&#8221;on|phone&#8221; global_colors_info=&#8221;{}&#8221; theme_builder_area=&#8221;post_content&#8221; sticky_enabled=&#8221;0&#8243;]<\/p>\n<p><em><strong>Are you ready for a new challenge?<\/strong><\/em><\/p>\n<p><em><strong>Come and work at Fondr\u00e9my! This is the job for you!<\/strong><\/em><\/p>\n<p><em><strong>Come and work for a company:<\/strong><\/em><\/p>\n<ul>\n<li>where the values of customer satisfaction, agility and collaborative strength,<br \/>excellence and respect are paramount;<\/li>\n<li>which offers you the services of an on-site chiropractor;<\/li>\n<li>which provides you with work uniforms, prescription safety glasses and discounts on work boots;<\/li>\n<li>who takes your well-being to heart!<\/li>\n<\/ul>\n<p><strong>The PERMANENT MOLDING team supervisor<\/strong> is responsible for coordinating the<br \/>work of the members of the day team, which includes people occupying<br \/>following functions :<\/p>\n<ul>\n<li>Mould Fitter<\/li>\n<li>Shellfish<\/li>\n<\/ul>\n<p>With them, he ensures that the following production objectives are met:<\/p>\n<ul>\n<li><span style=\"font-size: 16.799999px;\">Meet product quality requirements according to customer demand<\/span><\/li>\n<li><span style=\"font-size: 16.799999px;\">Respect manufacturing costs<\/span><\/li>\n<li><span style=\"font-size: 16.799999px;\">Meet delivery deadlines<\/span><\/li>\n<\/ul>\n<p><strong>MANAGEMENT RESPONSIBILITIES<\/strong><\/p>\n<ul>\n<li>Support team members in their production activities<br \/>(replacement, assistance, training, etc.);<\/li>\n<li>Resolve work-related problems and recommend measures to<br \/>improve productivity and product quality;<\/li>\n<li>Make floor rounds to monitor progress and evaluation<br \/>production quality;<\/li>\n<li>Daily update of &#8220;tracking sheets&#8221; in ERP software;<\/li>\n<li>Post indicators on the team bulletin board;<\/li>\n<li>Write production and other reports;<\/li>\n<li>Produce purchase orders for consumables in order to maintain a level<br \/>inventory;<\/li>\n<li>Participate in hiring interviews for team technicians at the<br \/>need;<\/li>\n<li>Train team members on their tasks, standards of performance and<br \/>and company policies;<\/li>\n<li>Evaluate the performance of team members on an annual basis;<\/li>\n<\/ul>\n<p><strong>TECHNICAL RESPONSIBILITIES<\/strong><\/p>\n<ul>\n<li>Design tools and moulds according to customer requirements by<br \/>with the engineering department;<\/li>\n<li>With members of the Engineering team, participate in the testing of<br \/>new tools;<\/li>\n<li style=\"list-style-type: none;\">\n<ul><\/ul>\n<\/li>\n<\/ul>\n<p><strong>REQUIREMENTS<\/strong><\/p>\n<ul>\n<li>Hold a Professional Diploma or Bachelor&#8217;s Degree in Engineering<br \/>materials, foundry or metallurgy;<\/li>\n<li>At least 9 years&#8217; experience in aluminum casting<br \/>particularly to the permanent mold;<\/li>\n<li>Significant experience in technical team management;<\/li>\n<li>Experience with SolidWorks, ERP software and Microsoft Office required;<\/li>\n<li>Advanced French, English is an asset.<\/li>\n<\/ul>\n<p>[\/et_pb_text][et_pb_button button_url=&#8221;#postuler&#8221; button_text=&#8221;Postuler maintenant&#8221; button_alignment=&#8221;center&#8221; _builder_version=&#8221;4.18.0&#8243; _module_preset=&#8221;default&#8221; custom_button=&#8221;on&#8221; button_text_size=&#8221;15px&#8221; button_text_color=&#8221;#FFFFFF&#8221; button_bg_color=&#8221;#dd3333&#8243; button_border_width=&#8221;0px&#8221; button_border_color=&#8221;#FFFFFF&#8221; button_border_radius=&#8221;0px&#8221; button_letter_spacing=&#8221;1px&#8221; button_font=&#8221;Lato|900||on|||||&#8221; button_use_icon=&#8221;off&#8221; custom_padding=&#8221;15px|30px|15px|30px|true|true&#8221; animation_style=&#8221;fade&#8221; hover_enabled=&#8221;0&#8243; button_text_size_tablet=&#8221;13px&#8221; button_text_size_phone=&#8221;12px&#8221; button_text_size_last_edited=&#8221;on|tablet&#8221; locked=&#8221;off&#8221; global_colors_info=&#8221;{}&#8221; transform_styles__hover_enabled=&#8221;on|hover&#8221; transform_scale__hover_enabled=&#8221;on|hover&#8221; transform_translate__hover=&#8221;0px|-5px&#8221; transform_translate__hover_enabled=&#8221;on|hover&#8221; transform_rotate__hover_enabled=&#8221;on|desktop&#8221; transform_skew__hover_enabled=&#8221;on|desktop&#8221; transform_origin__hover_enabled=&#8221;on|desktop&#8221; theme_builder_area=&#8221;post_content&#8221; sticky_enabled=&#8221;0&#8243;][\/et_pb_button][\/et_pb_column][\/et_pb_row][\/et_pb_section][et_pb_section fb_built=&#8221;1&#8243; custom_padding_last_edited=&#8221;on|phone&#8221; _builder_version=&#8221;4.17.4&#8243; _module_preset=&#8221;default&#8221; custom_padding=&#8221;25px||25px||false|false&#8221; custom_padding_tablet=&#8221;15px||15px||true|false&#8221; custom_padding_phone=&#8221;15px||15px||true|false&#8221; locked=&#8221;off&#8221; global_colors_info=&#8221;{}&#8221; theme_builder_area=&#8221;post_content&#8221;][et_pb_row column_structure=&#8221;1_2,1_2&#8243; make_equal=&#8221;on&#8221; _builder_version=&#8221;4.17.4&#8243; _module_preset=&#8221;default&#8221; custom_css_main_element=&#8221;align-items: center;&#8221; global_colors_info=&#8221;{}&#8221; theme_builder_area=&#8221;post_content&#8221;][et_pb_column type=&#8221;1_2&#8243; _builder_version=&#8221;4.16&#8243; _module_preset=&#8221;default&#8221; global_colors_info=&#8221;{}&#8221; theme_builder_area=&#8221;post_content&#8221;][et_pb_image src=&#8221;https:\/\/fondremy.com\/wp-content\/uploads\/2022\/05\/Fondremy-Image-entreprise-familiale-2.jpg&#8221; title_text=&#8221;Fondremy-Image-entreprise-familiale-2&#8243; _builder_version=&#8221;4.17.4&#8243; _module_preset=&#8221;default&#8221; transform_scale_last_edited=&#8221;off|desktop&#8221; transform_translate_last_edited=&#8221;off|desktop&#8221; transform_rotate_last_edited=&#8221;off|desktop&#8221; transform_skew_last_edited=&#8221;off|desktop&#8221; transform_origin_last_edited=&#8221;off|desktop&#8221; transform_styles_last_edited=&#8221;off|desktop&#8221; animation_style=&#8221;slide&#8221; animation_direction=&#8221;bottom&#8221; global_colors_info=&#8221;{}&#8221; transform_styles__hover_enabled=&#8221;on|hover&#8221; transform_scale__hover_enabled=&#8221;on|hover&#8221; transform_translate__hover_enabled=&#8221;on|hover&#8221; transform_rotate__hover_enabled=&#8221;on|desktop&#8221; transform_skew__hover_enabled=&#8221;on|desktop&#8221; transform_origin__hover_enabled=&#8221;on|desktop&#8221; transform_scale__hover=&#8221;103%|103%&#8221; theme_builder_area=&#8221;post_content&#8221;][\/et_pb_image][\/et_pb_column][et_pb_column type=&#8221;1_2&#8243; _builder_version=&#8221;4.16&#8243; _module_preset=&#8221;default&#8221; global_colors_info=&#8221;{}&#8221; theme_builder_area=&#8221;post_content&#8221;][et_pb_text _builder_version=&#8221;4.17.4&#8243; _module_preset=&#8221;default&#8221; header_2_font=&#8221;Lato|900|on||||||&#8221; header_2_text_color=&#8221;#000000&#8243; header_2_font_size=&#8221;1.6rem&#8221; header_2_line_height=&#8221;1.2em&#8221; custom_margin=&#8221;||15px||false|false&#8221; animation_style=&#8221;fade&#8221; header_2_font_size_tablet=&#8221;1.5rem&#8221; header_2_font_size_phone=&#8221;1.4rem&#8221; header_2_font_size_last_edited=&#8221;on|phone&#8221; global_colors_info=&#8221;{}&#8221; theme_builder_area=&#8221;post_content&#8221;]<\/p>\n<h2>&#8220;Fondr\u00e9my, a third generation family business and leader in the foundry industry since 1975&#8221;<\/h2>\n<p>[\/et_pb_text][et_pb_divider color=&#8221;#db2732&#8243; divider_weight=&#8221;4px&#8221; _builder_version=&#8221;4.17.4&#8243; _module_preset=&#8221;default&#8221; max_width=&#8221;150px&#8221; animation_style=&#8221;slide&#8221; global_colors_info=&#8221;{}&#8221; theme_builder_area=&#8221;post_content&#8221;][\/et_pb_divider][et_pb_text _builder_version=&#8221;4.17.4&#8243; _module_preset=&#8221;default&#8221; text_font=&#8221;Lato||||||||&#8221; text_text_color=&#8221;#000000&#8243; text_font_size=&#8221;1.2em&#8221; header_2_font=&#8221;Lato|900|on||||||&#8221; header_2_text_color=&#8221;#000000&#8243; header_2_font_size=&#8221;28px&#8221; header_2_line_height=&#8221;1.2em&#8221; animation_style=&#8221;fade&#8221; text_font_size_tablet=&#8221;1em&#8221; text_font_size_phone=&#8221;1em&#8221; text_font_size_last_edited=&#8221;on|phone&#8221; header_2_font_size_tablet=&#8221;23px&#8221; header_2_font_size_phone=&#8221;20px&#8221; header_2_font_size_last_edited=&#8221;on|phone&#8221; global_colors_info=&#8221;{}&#8221; theme_builder_area=&#8221;post_content&#8221;]At Fondr\u00e9my, we are constantly striving to grow, both physically and humanly, not to mention our valued clients from several continents!<\/p>\n<p>We are looking for a quality inspector responsible for checking the quality of all incoming and outgoing materials and products as well as coordinating production tasks. You will be a strong advocate for quality in our company.<\/p>\n<p>The ideal candidate will be detail-oriented, reliable and committed. A thorough knowledge of quality standards will be an asset<\/p>\n<p>The objective is to ensure that our products made from the materials Aluminum \/ Bronze impeccable with high-performance equipment. This way, our customers will benefit from high quality products so that we can ensure long-term success.[\/et_pb_text][\/et_pb_column][\/et_pb_row][et_pb_row make_equal=&#8221;on&#8221; module_id=&#8221;postuler&#8221; _builder_version=&#8221;4.17.6&#8243; _module_preset=&#8221;default&#8221; custom_margin=&#8221;0px||0px||false|false&#8221; custom_padding=&#8221;0px||0px||false|false&#8221; custom_css_main_element=&#8221;align-items: center;&#8221; locked=&#8221;off&#8221; global_colors_info=&#8221;{}&#8221; theme_builder_area=&#8221;post_content&#8221;][et_pb_column type=&#8221;4_4&#8243; _builder_version=&#8221;4.17.4&#8243; _module_preset=&#8221;default&#8221; background_color=&#8221;#333333&#8243; custom_padding=&#8221;75px|50px|75px|50px|true|true&#8221; custom_padding_tablet=&#8221;75px|50px|75px|50px|true|true&#8221; custom_padding_phone=&#8221;75px|50px|75px|50px|true|true&#8221; custom_padding_last_edited=&#8221;on|phone&#8221; global_colors_info=&#8221;{}&#8221; theme_builder_area=&#8221;post_content&#8221;][et_pb_text _builder_version=&#8221;4.17.6&#8243; _module_preset=&#8221;default&#8221; text_font=&#8221;Lato||||||||&#8221; text_font_size=&#8221;24px&#8221; header_3_font=&#8221;Lato|900|||||||&#8221; header_3_text_align=&#8221;center&#8221; header_3_text_color=&#8221;#FFFFFF&#8221; header_3_font_size=&#8221;2rem&#8221; custom_margin=&#8221;||15px||false|false&#8221; animation_style=&#8221;fade&#8221; text_font_size_tablet=&#8221;20px&#8221; text_font_size_phone=&#8221;18px&#8221; text_font_size_last_edited=&#8221;on|desktop&#8221; header_3_font_size_tablet=&#8221;1.8rem&#8221; header_3_font_size_phone=&#8221;1.6rem&#8221; header_3_font_size_last_edited=&#8221;on|phone&#8221; locked=&#8221;off&#8221; global_colors_info=&#8221;{}&#8221; theme_builder_area=&#8221;post_content&#8221;]<\/p>\n<h3>Want to be part of the team?<\/h3>\n<p>[\/et_pb_text][et_pb_divider color=&#8221;#db2732&#8243; divider_weight=&#8221;4px&#8221; _builder_version=&#8221;4.17.6&#8243; _module_preset=&#8221;default&#8221; max_width=&#8221;150px&#8221; module_alignment=&#8221;center&#8221; custom_margin=&#8221;||0px||false|false&#8221; animation_style=&#8221;slide&#8221; locked=&#8221;off&#8221; global_colors_info=&#8221;{}&#8221; theme_builder_area=&#8221;post_content&#8221;][\/et_pb_divider][et_pb_code _builder_version=&#8221;4.17.6&#8243; _module_preset=&#8221;default&#8221; global_colors_info=&#8221;{}&#8221; theme_builder_area=&#8221;post_content&#8221;]<script type=\"text\/javascript\" src=\"https:\/\/form.jotform.com\/jsform\/221374059471052\"><\/script>[\/et_pb_code][\/et_pb_column][\/et_pb_row][et_pb_row _builder_version=&#8221;4.17.6&#8243; _module_preset=&#8221;default&#8221; global_colors_info=&#8221;{}&#8221; theme_builder_area=&#8221;post_content&#8221;][et_pb_column type=&#8221;4_4&#8243; _builder_version=&#8221;4.17.6&#8243; _module_preset=&#8221;default&#8221; global_colors_info=&#8221;{}&#8221; theme_builder_area=&#8221;post_content&#8221;][et_pb_post_nav prev_text=&#8221;Poste pr\u00e9c\u00e9dent&#8221; next_text=&#8221;Poste suivant&#8221; _builder_version=&#8221;4.17.6&#8243; _module_preset=&#8221;default&#8221; title_font=&#8221;Lato||||||||&#8221; title_text_color=&#8221;#000000&#8243; title_font_size=&#8221;1.4em&#8221; custom_margin=&#8221;75px||25px||false|false&#8221; custom_margin_tablet=&#8221;50px||0px||false|false&#8221; custom_margin_phone=&#8221;50px||0px||false|false&#8221; custom_margin_last_edited=&#8221;on|desktop&#8221; title_font_size_tablet=&#8221;1.2em&#8221; title_font_size_phone=&#8221;1.2em&#8221; title_font_size_last_edited=&#8221;on|tablet&#8221; global_colors_info=&#8221;{}&#8221; theme_builder_area=&#8221;post_content&#8221;][\/et_pb_post_nav][\/et_pb_column][\/et_pb_row][\/et_pb_section]<\/p>\n","protected":false},"excerpt":{"rendered":"<p>Are you ready for a new challenge? Come and work at Fondr\u00e9my! This is the job for you! Come and work for a company: where the values of customer satisfaction, agility and collaborative strength,excellence and respect are paramount; which offers you the services of an on-site chiropractor; which provides you with work uniforms, prescription safety [&hellip;]<\/p>\n","protected":false},"author":1,"featured_media":0,"parent":7155,"menu_order":0,"comment_status":"closed","ping_status":"closed","template":"","meta":{"_et_pb_use_builder":"on","_et_pb_old_content":"","_et_gb_content_width":""},"yoast_head":"<!-- This site is optimized with the Yoast SEO plugin v20.8 - https:\/\/yoast.com\/wordpress\/plugins\/seo\/ -->\n<title>Permanent mold supervisor - Fondr\u00e9my | Fonderie d\u2019aluminium et de cuivre | Chambly, Rive-Sud<\/title>\n<meta name=\"robots\" content=\"index, follow, max-snippet:-1, max-image-preview:large, max-video-preview:-1\" \/>\n<link rel=\"canonical\" href=\"https:\/\/fondremy.com\/en\/career\/permanent-mold-supervisor\/\" \/>\n<meta property=\"og:locale\" content=\"en_US\" \/>\n<meta property=\"og:type\" content=\"article\" \/>\n<meta property=\"og:title\" content=\"Permanent mold supervisor - Fondr\u00e9my | Fonderie d\u2019aluminium et de cuivre | Chambly, Rive-Sud\" \/>\n<meta property=\"og:description\" content=\"Are you ready for a new challenge? Come and work at Fondr\u00e9my! This is the job for you! Come and work for a company: where the values of customer satisfaction, agility and collaborative strength,excellence and respect are paramount; which offers you the services of an on-site chiropractor; which provides you with work uniforms, prescription safety [&hellip;]\" \/>\n<meta property=\"og:url\" content=\"https:\/\/fondremy.com\/en\/career\/permanent-mold-supervisor\/\" \/>\n<meta property=\"og:site_name\" content=\"Fondr\u00e9my | Fonderie d\u2019aluminium et de cuivre | Chambly, Rive-Sud\" \/>\n<meta name=\"twitter:card\" content=\"summary_large_image\" \/>\n<meta name=\"twitter:label1\" content=\"Est. reading time\" \/>\n\t<meta name=\"twitter:data1\" content=\"9 minutes\" \/>\n<script type=\"application\/ld+json\" class=\"yoast-schema-graph\">{\"@context\":\"https:\/\/schema.org\",\"@graph\":[{\"@type\":\"WebPage\",\"@id\":\"https:\/\/fondremy.com\/en\/career\/permanent-mold-supervisor\/\",\"url\":\"https:\/\/fondremy.com\/en\/career\/permanent-mold-supervisor\/\",\"name\":\"Permanent mold supervisor - Fondr\u00e9my | Fonderie d\u2019aluminium et de cuivre | Chambly, Rive-Sud\",\"isPartOf\":{\"@id\":\"https:\/\/fondremy.com\/#website\"},\"datePublished\":\"2024-04-04T12:44:03+00:00\",\"dateModified\":\"2024-04-04T12:44:03+00:00\",\"breadcrumb\":{\"@id\":\"https:\/\/fondremy.com\/en\/career\/permanent-mold-supervisor\/#breadcrumb\"},\"inLanguage\":\"en-US\",\"potentialAction\":[{\"@type\":\"ReadAction\",\"target\":[\"https:\/\/fondremy.com\/en\/career\/permanent-mold-supervisor\/\"]}]},{\"@type\":\"BreadcrumbList\",\"@id\":\"https:\/\/fondremy.com\/en\/career\/permanent-mold-supervisor\/#breadcrumb\",\"itemListElement\":[{\"@type\":\"ListItem\",\"position\":1,\"name\":\"Home\",\"item\":\"https:\/\/fondremy.com\/en\/home\/\"},{\"@type\":\"ListItem\",\"position\":2,\"name\":\"Career\",\"item\":\"https:\/\/fondremy.com\/en\/career\/\"},{\"@type\":\"ListItem\",\"position\":3,\"name\":\"Permanent mold supervisor\"}]},{\"@type\":\"WebSite\",\"@id\":\"https:\/\/fondremy.com\/#website\",\"url\":\"https:\/\/fondremy.com\/\",\"name\":\"Fondr\u00e9my | Fonderie d\u2019aluminium et de cuivre | Chambly, Rive-Sud\",\"description\":\"Fondr\u00e9my est la r\u00e9f\u00e9rence dans l\u2019industrie de la fabrication de pi\u00e8ces  moul\u00e9es d\u2018alliages d\u2019aluminium et de cuivre de qualit\u00e9.\",\"potentialAction\":[{\"@type\":\"SearchAction\",\"target\":{\"@type\":\"EntryPoint\",\"urlTemplate\":\"https:\/\/fondremy.com\/?s={search_term_string}\"},\"query-input\":\"required name=search_term_string\"}],\"inLanguage\":\"en-US\"}]}<\/script>\n<!-- \/ Yoast SEO plugin. -->","yoast_head_json":{"title":"Permanent mold supervisor - Fondr\u00e9my | Fonderie d\u2019aluminium et de cuivre | Chambly, Rive-Sud","robots":{"index":"index","follow":"follow","max-snippet":"max-snippet:-1","max-image-preview":"max-image-preview:large","max-video-preview":"max-video-preview:-1"},"canonical":"https:\/\/fondremy.com\/en\/career\/permanent-mold-supervisor\/","og_locale":"en_US","og_type":"article","og_title":"Permanent mold supervisor - Fondr\u00e9my | Fonderie d\u2019aluminium et de cuivre | Chambly, Rive-Sud","og_description":"Are you ready for a new challenge? Come and work at Fondr\u00e9my! This is the job for you! Come and work for a company: where the values of customer satisfaction, agility and collaborative strength,excellence and respect are paramount; which offers you the services of an on-site chiropractor; which provides you with work uniforms, prescription safety [&hellip;]","og_url":"https:\/\/fondremy.com\/en\/career\/permanent-mold-supervisor\/","og_site_name":"Fondr\u00e9my | Fonderie d\u2019aluminium et de cuivre | Chambly, Rive-Sud","twitter_card":"summary_large_image","twitter_misc":{"Est. reading time":"9 minutes"},"schema":{"@context":"https:\/\/schema.org","@graph":[{"@type":"WebPage","@id":"https:\/\/fondremy.com\/en\/career\/permanent-mold-supervisor\/","url":"https:\/\/fondremy.com\/en\/career\/permanent-mold-supervisor\/","name":"Permanent mold supervisor - Fondr\u00e9my | Fonderie d\u2019aluminium et de cuivre | Chambly, Rive-Sud","isPartOf":{"@id":"https:\/\/fondremy.com\/#website"},"datePublished":"2024-04-04T12:44:03+00:00","dateModified":"2024-04-04T12:44:03+00:00","breadcrumb":{"@id":"https:\/\/fondremy.com\/en\/career\/permanent-mold-supervisor\/#breadcrumb"},"inLanguage":"en-US","potentialAction":[{"@type":"ReadAction","target":["https:\/\/fondremy.com\/en\/career\/permanent-mold-supervisor\/"]}]},{"@type":"BreadcrumbList","@id":"https:\/\/fondremy.com\/en\/career\/permanent-mold-supervisor\/#breadcrumb","itemListElement":[{"@type":"ListItem","position":1,"name":"Home","item":"https:\/\/fondremy.com\/en\/home\/"},{"@type":"ListItem","position":2,"name":"Career","item":"https:\/\/fondremy.com\/en\/career\/"},{"@type":"ListItem","position":3,"name":"Permanent mold supervisor"}]},{"@type":"WebSite","@id":"https:\/\/fondremy.com\/#website","url":"https:\/\/fondremy.com\/","name":"Fondr\u00e9my | Fonderie d\u2019aluminium et de cuivre | Chambly, Rive-Sud","description":"Fondr\u00e9my est la r\u00e9f\u00e9rence dans l\u2019industrie de la fabrication de pi\u00e8ces  moul\u00e9es d\u2018alliages d\u2019aluminium et de cuivre de qualit\u00e9.","potentialAction":[{"@type":"SearchAction","target":{"@type":"EntryPoint","urlTemplate":"https:\/\/fondremy.com\/?s={search_term_string}"},"query-input":"required name=search_term_string"}],"inLanguage":"en-US"}]}},"_links":{"self":[{"href":"https:\/\/fondremy.com\/en\/wp-json\/wp\/v2\/pages\/7629"}],"collection":[{"href":"https:\/\/fondremy.com\/en\/wp-json\/wp\/v2\/pages"}],"about":[{"href":"https:\/\/fondremy.com\/en\/wp-json\/wp\/v2\/types\/page"}],"author":[{"embeddable":true,"href":"https:\/\/fondremy.com\/en\/wp-json\/wp\/v2\/users\/1"}],"replies":[{"embeddable":true,"href":"https:\/\/fondremy.com\/en\/wp-json\/wp\/v2\/comments?post=7629"}],"version-history":[{"count":0,"href":"https:\/\/fondremy.com\/en\/wp-json\/wp\/v2\/pages\/7629\/revisions"}],"up":[{"embeddable":true,"href":"https:\/\/fondremy.com\/en\/wp-json\/wp\/v2\/pages\/7155"}],"wp:attachment":[{"href":"https:\/\/fondremy.com\/en\/wp-json\/wp\/v2\/media?parent=7629"}],"curies":[{"name":"wp","href":"https:\/\/api.w.org\/{rel}","templated":true}]}}